{"id":107,"date":"2024-06-18T16:49:52","date_gmt":"2024-06-18T14:49:52","guid":{"rendered":"https:\/\/atelierkemoro.com\/about\/"},"modified":"2025-06-19T15:14:08","modified_gmt":"2025-06-19T13:14:08","slug":"a-propos","status":"publish","type":"page","link":"https:\/\/atelierkemoro.com\/en\/a-propos\/","title":{"rendered":"A propos"},"content":{"rendered":"<div data-elementor-type=\"wp-page\" data-elementor-id=\"107\" class=\"elementor elementor-107\" data-elementor-post-type=\"page\">\n\t\t\t\t<div class=\"elementor-element elementor-element-2b0d5b94 e-con-full e-flex e-con e-parent\" data-id=\"2b0d5b94\" data-element_type=\"container\" data-settings=\"{&quot;background_background&quot;:&quot;classic&quot;}\">\n\t\t<div class=\"elementor-element elementor-element-7727c859 e-con-full e-flex e-con e-child\" data-id=\"7727c859\" data-element_type=\"container\">\n\t\t\t\t<div class=\"elementor-element elementor-element-541ac9e5 elementor-widget elementor-widget-text-editor\" data-id=\"541ac9e5\" data-element_type=\"widget\" data-widget_type=\"text-editor.default\">\n\t\t\t\t<div class=\"elementor-widget-container\">\n\t\t\t<style>\/*! elementor - v3.22.0 - 17-06-2024 *\/\n.elementor-widget-text-editor.elementor-drop-cap-view-stacked .elementor-drop-cap{background-color:#69727d;color:#fff}.elementor-widget-text-editor.elementor-drop-cap-view-framed .elementor-drop-cap{color:#69727d;border:3px solid;background-color:transparent}.elementor-widget-text-editor:not(.elementor-drop-cap-view-default) .elementor-drop-cap{margin-top:8px}.elementor-widget-text-editor:not(.elementor-drop-cap-view-default) .elementor-drop-cap-letter{width:1em;height:1em}.elementor-widget-text-editor .elementor-drop-cap{float:left;text-align:center;line-height:1;font-size:50px}.elementor-widget-text-editor .elementor-drop-cap-letter{display:inline-block}<\/style>\t\t\t\t<p data-start=\"70\" data-end=\"103\"><strong data-start=\"70\" data-end=\"103\">Bienvenue chez Atelier KEMORO<\/strong><\/p><p data-start=\"105\" data-end=\"238\">K\u00e9vin Thir\u00e9-Audebrand, artisan \u00e9b\u00e9niste, dipl\u00f4m\u00e9 d&rsquo;un CAP menuisier agenceur, ainsi que d&rsquo;un CAP et BPMA en \u00e9b\u00e9nisterie et derni\u00e8rement en marqueterie traditionnelle \u00e0 l&rsquo;\u00e9cole Boulle.<\/p><p data-start=\"407\" data-end=\"797\">L\u2019Atelier KEMORO est n\u00e9 de cette volont\u00e9 de construire un pont entre les savoir-faire anciens et les univers qui m\u2019inspirent : l\u2019oc\u00e9an, la nature, la g\u00e9om\u00e9trie, les contrastes de mati\u00e8re.<\/p><p data-start=\"799\" data-end=\"1103\">Je con\u00e7ois et fabrique des planches de surf en bois, des objets d\u00e9coratifs, du mobilier sur mesure, et j\u2019explore la marqueterie sous toutes ses formes \u2013 bois, paille, r\u00e9sine \u2013 pour cr\u00e9er des pi\u00e8ces singuli\u00e8res, fonctionnelles ou contemplatives. Mon travail se veut \u00e0 la fois pr\u00e9cis, exigeant et po\u00e9tique.<\/p><p data-start=\"1105\" data-end=\"1328\"><strong data-start=\"1105\" data-end=\"1115\">KEMORO<\/strong>, c\u2019est aussi un espace de transmission. J\u2019y organise des <strong data-start=\"1173\" data-end=\"1192\">stages de shape<\/strong> et des <strong data-start=\"1200\" data-end=\"1224\">cours de marqueterie<\/strong> pour partager mon savoir-faire et permettre \u00e0 chacun de d\u00e9couvrir le plaisir de fabriquer de ses mains.<\/p><p data-start=\"1330\" data-end=\"1448\">Chaque pi\u00e8ce, chaque projet, chaque \u00e9change est une invitation \u00e0 ralentir, \u00e0 ressentir, \u00e0 reconnecter avec la mati\u00e8re.<\/p>\t\t\t\t\t\t<\/div>\n\t\t\t\t<\/div>\n\t\t\t\t<\/div>\n\t\t\t\t<div class=\"elementor-element elementor-element-1e6507ea elementor-widget__width-initial elementor-widget-tablet__width-inherit elementor-widget elementor-widget-image\" data-id=\"1e6507ea\" data-element_type=\"widget\" data-widget_type=\"image.default\">\n\t\t\t\t<div class=\"elementor-widget-container\">\n\t\t\t<style>\/*! elementor - v3.22.0 - 17-06-2024 *\/\n.elementor-widget-image{text-align:center}.elementor-widget-image a{display:inline-block}.elementor-widget-image a img[src$=\".svg\"]{width:48px}.elementor-widget-image img{vertical-align:middle;display:inline-block}<\/style>\t\t\t\t\t\t\t\t\t\t<img fetchpriority=\"high\" decoding=\"async\" width=\"1707\" height=\"2560\" src=\"https:\/\/atelierkemoro.com\/wp-content\/uploads\/2025\/05\/kevin_table-48-scaled.jpg\" class=\"attachment-full size-full wp-image-1671\" alt=\"\" srcset=\"https:\/\/atelierkemoro.com\/wp-content\/uploads\/2025\/05\/kevin_table-48-scaled.jpg 1707w, https:\/\/atelierkemoro.com\/wp-content\/uploads\/2025\/05\/kevin_table-48-233x350.jpg 233w, https:\/\/atelierkemoro.com\/wp-content\/uploads\/2025\/05\/kevin_table-48-638x957.jpg 638w, https:\/\/atelierkemoro.com\/wp-content\/uploads\/2025\/05\/kevin_table-48-768x1152.jpg 768w, https:\/\/atelierkemoro.com\/wp-content\/uploads\/2025\/05\/kevin_table-48-1024x1536.jpg 1024w, https:\/\/atelierkemoro.com\/wp-content\/uploads\/2025\/05\/kevin_table-48-1365x2048.jpg 1365w, https:\/\/atelierkemoro.com\/wp-content\/uploads\/2025\/05\/kevin_table-48-8x12.jpg 8w, https:\/\/atelierkemoro.com\/wp-content\/uploads\/2025\/05\/kevin_table-48-1200x1800.jpg 1200w, https:\/\/atelierkemoro.com\/wp-content\/uploads\/2025\/05\/kevin_table-48-2000x3000.jpg 2000w\" sizes=\"(max-width: 1707px) 100vw, 1707px\" \/>\t\t\t\t\t\t\t\t\t\t\t\t\t<\/div>\n\t\t\t\t<\/div>\n\t\t\t\t<\/div>\n\t\t<div class=\"elementor-element elementor-element-bffca09 e-con-full e-flex e-con e-parent\" data-id=\"bffca09\" data-element_type=\"container\" data-settings=\"{&quot;background_background&quot;:&quot;classic&quot;}\">\n\t\t<div class=\"elementor-element elementor-element-dfbcccb e-con-full e-flex e-con e-child\" data-id=\"dfbcccb\" data-element_type=\"container\">\n\t\t\t\t<div class=\"elementor-element elementor-element-7625e0a elementor-widget elementor-widget-text-editor\" data-id=\"7625e0a\" data-element_type=\"widget\" data-widget_type=\"text-editor.default\">\n\t\t\t\t<div class=\"elementor-widget-container\">\n\t\t\t\t\t\t\t<p data-start=\"176\" data-end=\"333\">C\u2019est dans l\u2019atelier de mes grands-parents que j\u2019ai d\u00e9couvert le bois et le plaisir de cr\u00e9er de mes mains. Ce lien \u00e0 la mati\u00e8re m\u2019accompagne depuis toujours.<\/p><p data-start=\"335\" data-end=\"534\">Form\u00e9 \u00e0 l\u2019\u00e9b\u00e9nisterie et \u00e0 la marqueterie, j\u2019ai explor\u00e9 de nombreux horizons : mobilier sur-mesure, restauration d\u2019objets anciens, agencement, et aujourd\u2019hui, fabrication de planches de surf en bois.<\/p><p>Aujourd\u2019hui, l\u2019Atelier KEMORO est le reflet de ce parcours : un lieu o\u00f9 savoir-faire traditionnel et cr\u00e9ation contemporaine s\u2019unissent pour donner naissance \u00e0 des pi\u00e8ces uniques, entre artisanat, design et culture surf.<\/p>\t\t\t\t\t\t<\/div>\n\t\t\t\t<\/div>\n\t\t\t\t<\/div>\n\t\t\t\t<div class=\"elementor-element elementor-element-fff07ee elementor-widget__width-initial elementor-widget-tablet__width-inherit elementor-widget elementor-widget-image\" data-id=\"fff07ee\" data-element_type=\"widget\" data-widget_type=\"image.default\">\n\t\t\t\t<div class=\"elementor-widget-container\">\n\t\t\t\t\t\t\t\t\t\t\t\t\t<img decoding=\"async\" width=\"1286\" height=\"1536\" src=\"https:\/\/atelierkemoro.com\/wp-content\/uploads\/2024\/11\/kevin-ebeniste-shaper-yann-arthus-bertrand-1286x1536.jpg\" class=\"attachment-1536x1536 size-1536x1536 wp-image-753\" alt=\"\" srcset=\"https:\/\/atelierkemoro.com\/wp-content\/uploads\/2024\/11\/kevin-ebeniste-shaper-yann-arthus-bertrand-1286x1536.jpg 1286w, https:\/\/atelierkemoro.com\/wp-content\/uploads\/2024\/11\/kevin-ebeniste-shaper-yann-arthus-bertrand-scaled-1200x1434.jpg 1200w, https:\/\/atelierkemoro.com\/wp-content\/uploads\/2024\/11\/kevin-ebeniste-shaper-yann-arthus-bertrand-scaled-2000x2389.jpg 2000w, https:\/\/atelierkemoro.com\/wp-content\/uploads\/2024\/11\/kevin-ebeniste-shaper-yann-arthus-bertrand-293x350.jpg 293w, https:\/\/atelierkemoro.com\/wp-content\/uploads\/2024\/11\/kevin-ebeniste-shaper-yann-arthus-bertrand-801x957.jpg 801w, https:\/\/atelierkemoro.com\/wp-content\/uploads\/2024\/11\/kevin-ebeniste-shaper-yann-arthus-bertrand-768x917.jpg 768w, https:\/\/atelierkemoro.com\/wp-content\/uploads\/2024\/11\/kevin-ebeniste-shaper-yann-arthus-bertrand-1715x2048.jpg 1715w\" sizes=\"(max-width: 1286px) 100vw, 1286px\" \/>\t\t\t\t\t\t\t\t\t\t\t\t\t<\/div>\n\t\t\t\t<\/div>\n\t\t\t\t<\/div>\n\t\t<div class=\"elementor-element elementor-element-307c111 e-flex e-con-boxed e-con e-parent\" data-id=\"307c111\" data-element_type=\"container\" data-settings=\"{&quot;background_background&quot;:&quot;classic&quot;}\">\n\t\t\t\t\t<div class=\"e-con-inner\">\n\t\t\t\t<div class=\"elementor-element elementor-element-d6ce537 elementor-widget elementor-widget-heading\" data-id=\"d6ce537\" data-element_type=\"widget\" data-widget_type=\"heading.default\">\n\t\t\t\t<div class=\"elementor-widget-container\">\n\t\t\t<style>\/*! elementor - v3.22.0 - 17-06-2024 *\/\n.elementor-heading-title{padding:0;margin:0;line-height:1}.elementor-widget-heading .elementor-heading-title[class*=elementor-size-]>a{color:inherit;font-size:inherit;line-height:inherit}.elementor-widget-heading .elementor-heading-title.elementor-size-small{font-size:15px}.elementor-widget-heading .elementor-heading-title.elementor-size-medium{font-size:19px}.elementor-widget-heading .elementor-heading-title.elementor-size-large{font-size:29px}.elementor-widget-heading .elementor-heading-title.elementor-size-xl{font-size:39px}.elementor-widget-heading .elementor-heading-title.elementor-size-xxl{font-size:59px}<\/style><h1 class=\"elementor-heading-title elementor-size-default\">Sur-mesure, unique et adapt\u00e9 \u00e0 vous<\/h1>\t\t<\/div>\n\t\t\t\t<\/div>\n\t\t\t\t<div class=\"elementor-element elementor-element-7d826f3 elementor-widget elementor-widget-text-editor\" data-id=\"7d826f3\" data-element_type=\"widget\" data-widget_type=\"text-editor.default\">\n\t\t\t\t<div class=\"elementor-widget-container\">\n\t\t\t\t\t\t\t<p>Chaque projet est con\u00e7u selon vos envies et vos besoins sp\u00e9cifiques. Du choix des mat\u00e9riaux aux finitions, nous cr\u00e9ons des pi\u00e8ces uniques, parfaitement adapt\u00e9es \u00e0 votre espace et \u00e0 votre style. Le sur-mesure, c&rsquo;est l&rsquo;assurance d&rsquo;un mobilier qui vous ressemble et qui s&rsquo;int\u00e8gre harmonieusement dans votre int\u00e9rieur.<\/p>\t\t\t\t\t\t<\/div>\n\t\t\t\t<\/div>\n\t\t\t\t<div class=\"elementor-element elementor-element-9c22a66 elementor-align-left elementor-tablet-align-center elementor-mobile-align-center elementor-widget elementor-widget-button\" data-id=\"9c22a66\" data-element_type=\"widget\" data-widget_type=\"button.default\">\n\t\t\t\t<div class=\"elementor-widget-container\">\n\t\t\t\t\t<div class=\"elementor-button-wrapper\">\n\t\t\t<a class=\"elementor-button elementor-button-link elementor-size-sm elementor-animation-grow\" href=\"https:\/\/atelierkemoro.com\/en\/contact\/\">\n\t\t\t\t\t\t<span class=\"elementor-button-content-wrapper\">\n\t\t\t\t\t\t\t\t\t<span class=\"elementor-button-text\">Contactons nous<\/span>\n\t\t\t\t\t<\/span>\n\t\t\t\t\t<\/a>\n\t\t<\/div>\n\t\t\t\t<\/div>\n\t\t\t\t<\/div>\n\t\t\t\t\t<\/div>\n\t\t\t\t<\/div>\n\t\t<div class=\"elementor-element elementor-element-67adece e-flex e-con-boxed e-con e-parent\" data-id=\"67adece\" data-element_type=\"container\">\n\t\t\t\t\t<div class=\"e-con-inner\">\n\t\t\t\t<div class=\"elementor-element elementor-element-3b4c764 elementor-widget elementor-widget-spacer\" data-id=\"3b4c764\" data-element_type=\"widget\" data-widget_type=\"spacer.default\">\n\t\t\t\t<div class=\"elementor-widget-container\">\n\t\t\t<style>\/*! elementor - v3.22.0 - 17-06-2024 *\/\n.elementor-column .elementor-spacer-inner{height:var(--spacer-size)}.e-con{--container-widget-width:100%}.e-con-inner>.elementor-widget-spacer,.e-con>.elementor-widget-spacer{width:var(--container-widget-width,var(--spacer-size));--align-self:var(--container-widget-align-self,initial);--flex-shrink:0}.e-con-inner>.elementor-widget-spacer>.elementor-widget-container,.e-con>.elementor-widget-spacer>.elementor-widget-container{height:100%;width:100%}.e-con-inner>.elementor-widget-spacer>.elementor-widget-container>.elementor-spacer,.e-con>.elementor-widget-spacer>.elementor-widget-container>.elementor-spacer{height:100%}.e-con-inner>.elementor-widget-spacer>.elementor-widget-container>.elementor-spacer>.elementor-spacer-inner,.e-con>.elementor-widget-spacer>.elementor-widget-container>.elementor-spacer>.elementor-spacer-inner{height:var(--container-widget-height,var(--spacer-size))}.e-con-inner>.elementor-widget-spacer.elementor-widget-empty,.e-con>.elementor-widget-spacer.elementor-widget-empty{position:relative;min-height:22px;min-width:22px}.e-con-inner>.elementor-widget-spacer.elementor-widget-empty .elementor-widget-empty-icon,.e-con>.elementor-widget-spacer.elementor-widget-empty .elementor-widget-empty-icon{position:absolute;top:0;bottom:0;left:0;right:0;margin:auto;padding:0;width:22px;height:22px}<\/style>\t\t<div class=\"elementor-spacer\">\n\t\t\t<div class=\"elementor-spacer-inner\"><\/div>\n\t\t<\/div>\n\t\t\t\t<\/div>\n\t\t\t\t<\/div>\n\t\t\t\t\t<\/div>\n\t\t\t\t<\/div>\n\t\t\t\t<\/div>","protected":false},"excerpt":{"rendered":"<p>Bienvenue chez Atelier KEMORO K\u00e9vin Thir\u00e9-Audebrand, artisan \u00e9b\u00e9niste, dipl\u00f4m\u00e9 d&rsquo;un CAP menuisier agenceur, ainsi que d&rsquo;un CAP et BPMA en \u00e9b\u00e9nisterie et derni\u00e8rement en marqueterie traditionnelle \u00e0 l&rsquo;\u00e9cole Boulle. L\u2019Atelier KEMORO est n\u00e9 de cette volont\u00e9 de construire un pont entre les savoir-faire anciens et les univers qui m\u2019inspirent : l\u2019oc\u00e9an, la nature, la g\u00e9om\u00e9trie, [&hellip;]<\/p>","protected":false},"author":1,"featured_media":0,"parent":0,"menu_order":0,"comment_status":"closed","ping_status":"closed","template":"elementor_header_footer","meta":{"footnotes":""},"class_list":["post-107","page","type-page","status-publish","hentry"],"yoast_head":"<!-- This site is optimized with the Yoast SEO plugin v23.3 - https:\/\/yoast.com\/wordpress\/plugins\/seo\/ -->\n<title>A propos - Atelier KEMORO artisan \u00e9b\u00e9niste &amp; shaper bois<\/title>\n<meta name=\"description\" content=\"Atelier KEMORO : artisan \u00e9b\u00e9niste et cr\u00e9ateur de planches de surf en bois. Un savoir-faire authentique alliant performance et esth\u00e9tique.\" \/>\n<meta name=\"robots\" content=\"index, follow, max-snippet:-1, max-image-preview:large, max-video-preview:-1\" \/>\n<link rel=\"canonical\" href=\"https:\/\/atelierkemoro.com\/en\/a-propos\/\" \/>\n<meta property=\"og:locale\" content=\"en_US\" \/>\n<meta property=\"og:type\" content=\"article\" \/>\n<meta property=\"og:title\" content=\"A propos - Atelier KEMORO artisan \u00e9b\u00e9niste &amp; shaper bois\" \/>\n<meta property=\"og:description\" content=\"Atelier KEMORO : artisan \u00e9b\u00e9niste et cr\u00e9ateur de planches de surf en bois. Un savoir-faire authentique alliant performance et esth\u00e9tique.\" \/>\n<meta property=\"og:url\" content=\"https:\/\/atelierkemoro.com\/en\/a-propos\/\" \/>\n<meta property=\"og:site_name\" content=\"Atelier KEMORO artisan \u00e9b\u00e9niste &amp; shaper bois\" \/>\n<meta property=\"article:publisher\" content=\"https:\/\/www.facebook.com\/lebenistefr\/\" \/>\n<meta property=\"article:modified_time\" content=\"2025-06-19T13:14:08+00:00\" \/>\n<meta property=\"og:image\" content=\"https:\/\/atelierkemoro.com\/wp-content\/uploads\/2025\/05\/kevin_table-48-scaled.jpg\" \/>\n<meta name=\"twitter:card\" content=\"summary_large_image\" \/>\n<meta name=\"twitter:label1\" content=\"Est. reading time\" \/>\n\t<meta name=\"twitter:data1\" content=\"2 minutes\" \/>\n<script type=\"application\/ld+json\" class=\"yoast-schema-graph\">{\"@context\":\"https:\/\/schema.org\",\"@graph\":[{\"@type\":\"WebPage\",\"@id\":\"https:\/\/atelierkemoro.com\/a-propos\/\",\"url\":\"https:\/\/atelierkemoro.com\/a-propos\/\",\"name\":\"A propos - Atelier KEMORO artisan \u00e9b\u00e9niste &amp; shaper bois\",\"isPartOf\":{\"@id\":\"https:\/\/atelierkemoro.com\/#website\"},\"primaryImageOfPage\":{\"@id\":\"https:\/\/atelierkemoro.com\/a-propos\/#primaryimage\"},\"image\":{\"@id\":\"https:\/\/atelierkemoro.com\/a-propos\/#primaryimage\"},\"thumbnailUrl\":\"https:\/\/atelierkemoro.com\/wp-content\/uploads\/2025\/05\/kevin_table-48-scaled.jpg\",\"datePublished\":\"2024-06-18T14:49:52+00:00\",\"dateModified\":\"2025-06-19T13:14:08+00:00\",\"description\":\"Atelier KEMORO : artisan \u00e9b\u00e9niste et cr\u00e9ateur de planches de surf en bois. Un savoir-faire authentique alliant performance et esth\u00e9tique.\",\"breadcrumb\":{\"@id\":\"https:\/\/atelierkemoro.com\/a-propos\/#breadcrumb\"},\"inLanguage\":\"en-US\",\"potentialAction\":[{\"@type\":\"ReadAction\",\"target\":[\"https:\/\/atelierkemoro.com\/a-propos\/\"]}]},{\"@type\":\"ImageObject\",\"inLanguage\":\"en-US\",\"@id\":\"https:\/\/atelierkemoro.com\/a-propos\/#primaryimage\",\"url\":\"https:\/\/atelierkemoro.com\/wp-content\/uploads\/2025\/05\/kevin_table-48-scaled.jpg\",\"contentUrl\":\"https:\/\/atelierkemoro.com\/wp-content\/uploads\/2025\/05\/kevin_table-48-scaled.jpg\"},{\"@type\":\"BreadcrumbList\",\"@id\":\"https:\/\/atelierkemoro.com\/a-propos\/#breadcrumb\",\"itemListElement\":[{\"@type\":\"ListItem\",\"position\":1,\"name\":\"Accueil\",\"item\":\"https:\/\/atelierkemoro.com\/\"},{\"@type\":\"ListItem\",\"position\":2,\"name\":\"A propos\"}]},{\"@type\":\"WebSite\",\"@id\":\"https:\/\/atelierkemoro.com\/#website\",\"url\":\"https:\/\/atelierkemoro.com\/\",\"name\":\"Atelier KEMORO artisan shaper \u00e9b\u00e9niste\",\"description\":\"Fabrication artisanale de mobilier, surf hollow et skateboard en bois\",\"publisher\":{\"@id\":\"https:\/\/atelierkemoro.com\/#organization\"},\"potentialAction\":[{\"@type\":\"SearchAction\",\"target\":{\"@type\":\"EntryPoint\",\"urlTemplate\":\"https:\/\/atelierkemoro.com\/?s={search_term_string}\"},\"query-input\":\"required name=search_term_string\"}],\"inLanguage\":\"en-US\"},{\"@type\":\"Organization\",\"@id\":\"https:\/\/atelierkemoro.com\/#organization\",\"name\":\"Atelier KEMORO artisan \u00e9b\u00e9niste & shaper bois\",\"url\":\"https:\/\/atelierkemoro.com\/\",\"logo\":{\"@type\":\"ImageObject\",\"inLanguage\":\"en-US\",\"@id\":\"https:\/\/atelierkemoro.com\/#\/schema\/logo\/image\/\",\"url\":\"https:\/\/atelierkemoro.com\/wp-content\/uploads\/2024\/06\/Logo-atelier-kemoro-negatif-scaled.jpg\",\"contentUrl\":\"https:\/\/atelierkemoro.com\/wp-content\/uploads\/2024\/06\/Logo-atelier-kemoro-negatif-scaled.jpg\",\"width\":2560,\"height\":929,\"caption\":\"Atelier KEMORO artisan \u00e9b\u00e9niste & shaper bois\"},\"image\":{\"@id\":\"https:\/\/atelierkemoro.com\/#\/schema\/logo\/image\/\"},\"sameAs\":[\"https:\/\/www.facebook.com\/lebenistefr\/\",\"https:\/\/www.instagram.com\/atelierkemoro\/\",\"https:\/\/www.youtube.com\/@atelierkemoro\/\"]}]}<\/script>\n<!-- \/ Yoast SEO plugin. -->","yoast_head_json":{"title":"A propos - Atelier KEMORO artisan \u00e9b\u00e9niste &amp; shaper bois","description":"Atelier KEMORO : artisan \u00e9b\u00e9niste et cr\u00e9ateur de planches de surf en bois. Un savoir-faire authentique alliant performance et esth\u00e9tique.","robots":{"index":"index","follow":"follow","max-snippet":"max-snippet:-1","max-image-preview":"max-image-preview:large","max-video-preview":"max-video-preview:-1"},"canonical":"https:\/\/atelierkemoro.com\/en\/a-propos\/","og_locale":"en_US","og_type":"article","og_title":"A propos - Atelier KEMORO artisan \u00e9b\u00e9niste &amp; shaper bois","og_description":"Atelier KEMORO : artisan \u00e9b\u00e9niste et cr\u00e9ateur de planches de surf en bois. Un savoir-faire authentique alliant performance et esth\u00e9tique.","og_url":"https:\/\/atelierkemoro.com\/en\/a-propos\/","og_site_name":"Atelier KEMORO artisan \u00e9b\u00e9niste &amp; shaper bois","article_publisher":"https:\/\/www.facebook.com\/lebenistefr\/","article_modified_time":"2025-06-19T13:14:08+00:00","og_image":[{"url":"https:\/\/atelierkemoro.com\/wp-content\/uploads\/2025\/05\/kevin_table-48-scaled.jpg"}],"twitter_card":"summary_large_image","twitter_misc":{"Est. reading time":"2 minutes"},"schema":{"@context":"https:\/\/schema.org","@graph":[{"@type":"WebPage","@id":"https:\/\/atelierkemoro.com\/a-propos\/","url":"https:\/\/atelierkemoro.com\/a-propos\/","name":"A propos - Atelier KEMORO artisan \u00e9b\u00e9niste &amp; shaper bois","isPartOf":{"@id":"https:\/\/atelierkemoro.com\/#website"},"primaryImageOfPage":{"@id":"https:\/\/atelierkemoro.com\/a-propos\/#primaryimage"},"image":{"@id":"https:\/\/atelierkemoro.com\/a-propos\/#primaryimage"},"thumbnailUrl":"https:\/\/atelierkemoro.com\/wp-content\/uploads\/2025\/05\/kevin_table-48-scaled.jpg","datePublished":"2024-06-18T14:49:52+00:00","dateModified":"2025-06-19T13:14:08+00:00","description":"Atelier KEMORO : artisan \u00e9b\u00e9niste et cr\u00e9ateur de planches de surf en bois. Un savoir-faire authentique alliant performance et esth\u00e9tique.","breadcrumb":{"@id":"https:\/\/atelierkemoro.com\/a-propos\/#breadcrumb"},"inLanguage":"en-US","potentialAction":[{"@type":"ReadAction","target":["https:\/\/atelierkemoro.com\/a-propos\/"]}]},{"@type":"ImageObject","inLanguage":"en-US","@id":"https:\/\/atelierkemoro.com\/a-propos\/#primaryimage","url":"https:\/\/atelierkemoro.com\/wp-content\/uploads\/2025\/05\/kevin_table-48-scaled.jpg","contentUrl":"https:\/\/atelierkemoro.com\/wp-content\/uploads\/2025\/05\/kevin_table-48-scaled.jpg"},{"@type":"BreadcrumbList","@id":"https:\/\/atelierkemoro.com\/a-propos\/#breadcrumb","itemListElement":[{"@type":"ListItem","position":1,"name":"Accueil","item":"https:\/\/atelierkemoro.com\/"},{"@type":"ListItem","position":2,"name":"A propos"}]},{"@type":"WebSite","@id":"https:\/\/atelierkemoro.com\/#website","url":"https:\/\/atelierkemoro.com\/","name":"Atelier KEMORO artisan shaper \u00e9b\u00e9niste","description":"Fabrication artisanale de mobilier, surf hollow et skateboard en bois","publisher":{"@id":"https:\/\/atelierkemoro.com\/#organization"},"potentialAction":[{"@type":"SearchAction","target":{"@type":"EntryPoint","urlTemplate":"https:\/\/atelierkemoro.com\/?s={search_term_string}"},"query-input":"required name=search_term_string"}],"inLanguage":"en-US"},{"@type":"Organization","@id":"https:\/\/atelierkemoro.com\/#organization","name":"Atelier KEMORO artisan \u00e9b\u00e9niste & shaper bois","url":"https:\/\/atelierkemoro.com\/","logo":{"@type":"ImageObject","inLanguage":"en-US","@id":"https:\/\/atelierkemoro.com\/#\/schema\/logo\/image\/","url":"https:\/\/atelierkemoro.com\/wp-content\/uploads\/2024\/06\/Logo-atelier-kemoro-negatif-scaled.jpg","contentUrl":"https:\/\/atelierkemoro.com\/wp-content\/uploads\/2024\/06\/Logo-atelier-kemoro-negatif-scaled.jpg","width":2560,"height":929,"caption":"Atelier KEMORO artisan \u00e9b\u00e9niste & shaper bois"},"image":{"@id":"https:\/\/atelierkemoro.com\/#\/schema\/logo\/image\/"},"sameAs":["https:\/\/www.facebook.com\/lebenistefr\/","https:\/\/www.instagram.com\/atelierkemoro\/","https:\/\/www.youtube.com\/@atelierkemoro\/"]}]}},"jetpack_sharing_enabled":true,"_links":{"self":[{"href":"https:\/\/atelierkemoro.com\/en\/wp-json\/wp\/v2\/pages\/107","targetHints":{"allow":["GET"]}}],"collection":[{"href":"https:\/\/atelierkemoro.com\/en\/wp-json\/wp\/v2\/pages"}],"about":[{"href":"https:\/\/atelierkemoro.com\/en\/wp-json\/wp\/v2\/types\/page"}],"author":[{"embeddable":true,"href":"https:\/\/atelierkemoro.com\/en\/wp-json\/wp\/v2\/users\/1"}],"replies":[{"embeddable":true,"href":"https:\/\/atelierkemoro.com\/en\/wp-json\/wp\/v2\/comments?post=107"}],"version-history":[{"count":158,"href":"https:\/\/atelierkemoro.com\/en\/wp-json\/wp\/v2\/pages\/107\/revisions"}],"predecessor-version":[{"id":2048,"href":"https:\/\/atelierkemoro.com\/en\/wp-json\/wp\/v2\/pages\/107\/revisions\/2048"}],"wp:attachment":[{"href":"https:\/\/atelierkemoro.com\/en\/wp-json\/wp\/v2\/media?parent=107"}],"curies":[{"name":"wp","href":"https:\/\/api.w.org\/{rel}","templated":true}]}}