{"id":1886,"date":"2025-06-18T16:34:23","date_gmt":"2025-06-18T14:34:23","guid":{"rendered":"https:\/\/atelierkemoro.com\/?page_id=1886"},"modified":"2025-06-18T16:39:25","modified_gmt":"2025-06-18T14:39:25","slug":"surf-marqueterie-iridescence","status":"publish","type":"page","link":"https:\/\/atelierkemoro.com\/en\/surf-marqueterie-iridescence\/","title":{"rendered":"Surf marqueterie IRIDESCENCE"},"content":{"rendered":"<div data-elementor-type=\"wp-page\" data-elementor-id=\"1886\" class=\"elementor elementor-1886\" data-elementor-post-type=\"page\">\n\t\t\t\t<div class=\"elementor-element elementor-element-51360292 e-con-full e-flex e-con e-parent\" data-id=\"51360292\" data-element_type=\"container\">\n\t\t<div class=\"elementor-element elementor-element-1904f367 e-con-full e-flex e-con e-child\" data-id=\"1904f367\" data-element_type=\"container\">\n\t\t\t\t<div class=\"elementor-element elementor-element-5d8d7cb1 elementor-widget elementor-widget-heading\" data-id=\"5d8d7cb1\" data-element_type=\"widget\" data-widget_type=\"heading.default\">\n\t\t\t\t<div class=\"elementor-widget-container\">\n\t\t\t<style>\/*! elementor - v3.22.0 - 17-06-2024 *\/\n.elementor-heading-title{padding:0;margin:0;line-height:1}.elementor-widget-heading .elementor-heading-title[class*=elementor-size-]>a{color:inherit;font-size:inherit;line-height:inherit}.elementor-widget-heading .elementor-heading-title.elementor-size-small{font-size:15px}.elementor-widget-heading .elementor-heading-title.elementor-size-medium{font-size:19px}.elementor-widget-heading .elementor-heading-title.elementor-size-large{font-size:29px}.elementor-widget-heading .elementor-heading-title.elementor-size-xl{font-size:39px}.elementor-widget-heading .elementor-heading-title.elementor-size-xxl{font-size:59px}<\/style><h2 class=\"elementor-heading-title elementor-size-default\">Planche de Surf Hollow \u00ab Iridescence \u00bb<\/h2>\t\t<\/div>\n\t\t\t\t<\/div>\n\t\t\t\t<div class=\"elementor-element elementor-element-280d390 elementor-widget elementor-widget-text-editor\" data-id=\"280d390\" data-element_type=\"widget\" data-widget_type=\"text-editor.default\">\n\t\t\t\t<div class=\"elementor-widget-container\">\n\t\t\t<style>\/*! elementor - v3.22.0 - 17-06-2024 *\/\n.elementor-widget-text-editor.elementor-drop-cap-view-stacked .elementor-drop-cap{background-color:#69727d;color:#fff}.elementor-widget-text-editor.elementor-drop-cap-view-framed .elementor-drop-cap{color:#69727d;border:3px solid;background-color:transparent}.elementor-widget-text-editor:not(.elementor-drop-cap-view-default) .elementor-drop-cap{margin-top:8px}.elementor-widget-text-editor:not(.elementor-drop-cap-view-default) .elementor-drop-cap-letter{width:1em;height:1em}.elementor-widget-text-editor .elementor-drop-cap{float:left;text-align:center;line-height:1;font-size:50px}.elementor-widget-text-editor .elementor-drop-cap-letter{display:inline-block}<\/style>\t\t\t\t<p data-start=\"323\" data-end=\"498\">\u00c0 l\u2019intersection de la performance et de l\u2019artisanat, la planche de surf hollow <em data-start=\"403\" data-end=\"416\">Iridescence<\/em> r\u00e9v\u00e8le une esth\u00e9tique rare o\u00f9 la marqueterie devient une v\u00e9ritable \u0153uvre d\u2019art.<\/p><p data-start=\"500\" data-end=\"882\">Le corps de la planche est teint\u00e9 noir profond, soulign\u00e9 par un placage en frise de bois teint\u00e9 bleu qui ceinture \u00e9l\u00e9gamment son contour. Au centre, un placage reconstitu\u00e9 m\u00ealant nuances de noir, bleu et violet d\u00e9ploie des formes organiques et presque topographiques. Ces motifs hypnotiques \u00e9voquent l\u2019iridescence naturelle, changeant subtilement selon la lumi\u00e8re et l\u2019angle de vue.<\/p><p data-start=\"884\" data-end=\"1157\">Pens\u00e9e pour sublimer la glisse, cette planche allie la l\u00e9g\u00e8ret\u00e9 structurelle du hollow en paulownia avec la finesse d\u2019une marqueterie \u00e9labor\u00e9e et color\u00e9e. Les courbes fluides et les volumes creus\u00e9s r\u00e9v\u00e8lent un \u00e9quilibre subtil entre fonctionnalit\u00e9 et expression artistique.<\/p><p data-start=\"1159\" data-end=\"1347\">Con\u00e7ue pour les surfeurs passionn\u00e9s \u00e0 la recherche d\u2019un objet \u00e0 la fois performant et porteur de sens, la planche <em data-start=\"1273\" data-end=\"1286\">Iridescence<\/em> conjugue rigueur technique et signature esth\u00e9tique raffin\u00e9e.<\/p><hr data-start=\"1261\" data-end=\"1264\" \/><p data-start=\"1266\" data-end=\"1481\"><strong data-start=\"1266\" data-end=\"1279\">Mat\u00e9riaux<\/strong> : paulownia hollow teint\u00e9 noir, placages bois teint\u00e9s bleu, placage reconstitu\u00e9 noir\/bleu\/violet<br data-start=\"1330\" data-end=\"1333\" \/><strong data-start=\"1333\" data-end=\"1346\">Finitions<\/strong> : r\u00e9sine \u00e9poxy transparente<br data-start=\"1369\" data-end=\"1372\" \/><strong data-start=\"1372\" data-end=\"1386\">Dimensions<\/strong> : sur demande<br data-start=\"1400\" data-end=\"1403\" \/><strong data-start=\"1403\" data-end=\"1419\">D\u00e9clinaisons<\/strong> : unique, reproduction possible sur commande<br data-start=\"1460\" data-end=\"1463\" \/><strong data-start=\"1463\" data-end=\"1472\">Ann\u00e9e<\/strong> : 2024<\/p><p data-start=\"1483\" data-end=\"1574\">Chaque pi\u00e8ce est fabriqu\u00e9e \u00e0 la main, sign\u00e9e, num\u00e9rot\u00e9e, et peut \u00eatre adapt\u00e9e sur commande.<\/p><p data-start=\"1576\" data-end=\"1666\"><strong data-start=\"1576\" data-end=\"1604\">Demande de prix par mail<\/strong> : atelierkemoro@gmail.com<br data-start=\"1629\" data-end=\"1632\" \/><strong data-start=\"1632\" data-end=\"1666\">Pi\u00e8ces sur commande uniquement<\/strong><\/p>\t\t\t\t\t\t<\/div>\n\t\t\t\t<\/div>\n\t\t\t\t<\/div>\n\t\t<div class=\"elementor-element elementor-element-490f48ed e-con-full e-flex e-con e-child\" data-id=\"490f48ed\" data-element_type=\"container\" data-settings=\"{&quot;background_background&quot;:&quot;classic&quot;}\">\n\t\t\t\t<div class=\"elementor-element elementor-element-6a81a878 elementor-widget elementor-widget-image\" data-id=\"6a81a878\" data-element_type=\"widget\" data-widget_type=\"image.default\">\n\t\t\t\t<div class=\"elementor-widget-container\">\n\t\t\t<style>\/*! elementor - v3.22.0 - 17-06-2024 *\/\n.elementor-widget-image{text-align:center}.elementor-widget-image a{display:inline-block}.elementor-widget-image a img[src$=\".svg\"]{width:48px}.elementor-widget-image img{vertical-align:middle;display:inline-block}<\/style>\t\t\t\t\t\t\t\t\t\t<img fetchpriority=\"high\" decoding=\"async\" width=\"766\" height=\"957\" src=\"https:\/\/atelierkemoro.com\/wp-content\/uploads\/2025\/01\/Surf-marqueterie-1-766x957.webp\" class=\"attachment-large size-large wp-image-1251\" alt=\"\" srcset=\"https:\/\/atelierkemoro.com\/wp-content\/uploads\/2025\/01\/Surf-marqueterie-1-766x957.webp 766w, https:\/\/atelierkemoro.com\/wp-content\/uploads\/2025\/01\/Surf-marqueterie-1-280x350.webp 280w, https:\/\/atelierkemoro.com\/wp-content\/uploads\/2025\/01\/Surf-marqueterie-1-768x960.webp 768w, https:\/\/atelierkemoro.com\/wp-content\/uploads\/2025\/01\/Surf-marqueterie-1-1229x1536.webp 1229w, https:\/\/atelierkemoro.com\/wp-content\/uploads\/2025\/01\/Surf-marqueterie-1-1200x1500.webp 1200w, https:\/\/atelierkemoro.com\/wp-content\/uploads\/2025\/01\/Surf-marqueterie-1.webp 1440w\" sizes=\"(max-width: 766px) 100vw, 766px\" \/>\t\t\t\t\t\t\t\t\t\t\t\t\t<\/div>\n\t\t\t\t<\/div>\n\t\t\t\t<\/div>\n\t\t\t\t<\/div>\n\t\t<div class=\"elementor-element elementor-element-6da6f40d e-con-full e-flex e-con e-parent\" data-id=\"6da6f40d\" data-element_type=\"container\">\n\t\t\t\t<div class=\"elementor-element elementor-element-281a8493 elementor-widget elementor-widget-spacer\" data-id=\"281a8493\" data-element_type=\"widget\" data-widget_type=\"spacer.default\">\n\t\t\t\t<div class=\"elementor-widget-container\">\n\t\t\t<style>\/*! elementor - v3.22.0 - 17-06-2024 *\/\n.elementor-column .elementor-spacer-inner{height:var(--spacer-size)}.e-con{--container-widget-width:100%}.e-con-inner>.elementor-widget-spacer,.e-con>.elementor-widget-spacer{width:var(--container-widget-width,var(--spacer-size));--align-self:var(--container-widget-align-self,initial);--flex-shrink:0}.e-con-inner>.elementor-widget-spacer>.elementor-widget-container,.e-con>.elementor-widget-spacer>.elementor-widget-container{height:100%;width:100%}.e-con-inner>.elementor-widget-spacer>.elementor-widget-container>.elementor-spacer,.e-con>.elementor-widget-spacer>.elementor-widget-container>.elementor-spacer{height:100%}.e-con-inner>.elementor-widget-spacer>.elementor-widget-container>.elementor-spacer>.elementor-spacer-inner,.e-con>.elementor-widget-spacer>.elementor-widget-container>.elementor-spacer>.elementor-spacer-inner{height:var(--container-widget-height,var(--spacer-size))}.e-con-inner>.elementor-widget-spacer.elementor-widget-empty,.e-con>.elementor-widget-spacer.elementor-widget-empty{position:relative;min-height:22px;min-width:22px}.e-con-inner>.elementor-widget-spacer.elementor-widget-empty .elementor-widget-empty-icon,.e-con>.elementor-widget-spacer.elementor-widget-empty .elementor-widget-empty-icon{position:absolute;top:0;bottom:0;left:0;right:0;margin:auto;padding:0;width:22px;height:22px}<\/style>\t\t<div class=\"elementor-spacer\">\n\t\t\t<div class=\"elementor-spacer-inner\"><\/div>\n\t\t<\/div>\n\t\t\t\t<\/div>\n\t\t\t\t<\/div>\n\t\t\t\t<div class=\"elementor-element elementor-element-5b50fbe0 elementor-widget elementor-widget-image\" data-id=\"5b50fbe0\" data-element_type=\"widget\" data-widget_type=\"image.default\">\n\t\t\t\t<div class=\"elementor-widget-container\">\n\t\t\t\t\t\t\t\t\t\t\t\t\t<img decoding=\"async\" width=\"800\" height=\"862\" src=\"https:\/\/atelierkemoro.com\/wp-content\/uploads\/2024\/08\/Surf-marqueterie-3-1-e1734516219805-870x937.webp\" class=\"attachment-large size-large wp-image-533\" alt=\"\" srcset=\"https:\/\/atelierkemoro.com\/wp-content\/uploads\/2024\/08\/Surf-marqueterie-3-1-e1734516219805-870x937.webp 870w, https:\/\/atelierkemoro.com\/wp-content\/uploads\/2024\/08\/Surf-marqueterie-3-1-e1734516219805-300x323.webp 300w, https:\/\/atelierkemoro.com\/wp-content\/uploads\/2024\/08\/Surf-marqueterie-3-1-e1734516219805-768x827.webp 768w, https:\/\/atelierkemoro.com\/wp-content\/uploads\/2024\/08\/Surf-marqueterie-3-1-e1734516219805.webp 963w\" sizes=\"(max-width: 800px) 100vw, 800px\" \/>\t\t\t\t\t\t\t\t\t\t\t\t\t<\/div>\n\t\t\t\t<\/div>\n\t\t\t\t<\/div>\n\t\t<div class=\"elementor-element elementor-element-753eea66 e-con-full e-flex e-con e-parent\" data-id=\"753eea66\" data-element_type=\"container\">\n\t\t\t\t<div class=\"elementor-element elementor-element-68da9580 elementor-widget elementor-widget-image\" data-id=\"68da9580\" data-element_type=\"widget\" data-widget_type=\"image.default\">\n\t\t\t\t<div class=\"elementor-widget-container\">\n\t\t\t\t\t\t\t\t\t\t\t\t\t<img decoding=\"async\" width=\"771\" height=\"957\" src=\"https:\/\/atelierkemoro.com\/wp-content\/uploads\/2024\/08\/shortboard-marqueterie-771x957.jpg\" class=\"attachment-large size-large wp-image-1152\" alt=\"\" srcset=\"https:\/\/atelierkemoro.com\/wp-content\/uploads\/2024\/08\/shortboard-marqueterie-771x957.jpg 771w, https:\/\/atelierkemoro.com\/wp-content\/uploads\/2024\/08\/shortboard-marqueterie-282x350.jpg 282w, https:\/\/atelierkemoro.com\/wp-content\/uploads\/2024\/08\/shortboard-marqueterie-768x953.jpg 768w, https:\/\/atelierkemoro.com\/wp-content\/uploads\/2024\/08\/shortboard-marqueterie.jpg 1180w\" sizes=\"(max-width: 771px) 100vw, 771px\" \/>\t\t\t\t\t\t\t\t\t\t\t\t\t<\/div>\n\t\t\t\t<\/div>\n\t\t\t\t<div class=\"elementor-element elementor-element-dd8a802 elementor-widget elementor-widget-spacer\" data-id=\"dd8a802\" data-element_type=\"widget\" data-widget_type=\"spacer.default\">\n\t\t\t\t<div class=\"elementor-widget-container\">\n\t\t\t\t\t<div class=\"elementor-spacer\">\n\t\t\t<div class=\"elementor-spacer-inner\"><\/div>\n\t\t<\/div>\n\t\t\t\t<\/div>\n\t\t\t\t<\/div>\n\t\t\t\t<\/div>\n\t\t\t\t<\/div>","protected":false},"excerpt":{"rendered":"<p>Planche de Surf Hollow \u00ab Iridescence \u00bb \u00c0 l\u2019intersection de la performance et de l\u2019artisanat, la planche de surf hollow Iridescence r\u00e9v\u00e8le une esth\u00e9tique rare o\u00f9 la marqueterie devient une v\u00e9ritable \u0153uvre d\u2019art. Le corps de la planche est teint\u00e9 noir profond, soulign\u00e9 par un placage en frise de bois teint\u00e9 bleu qui ceinture \u00e9l\u00e9gamment [&hellip;]<\/p>","protected":false},"author":1,"featured_media":0,"parent":0,"menu_order":0,"comment_status":"closed","ping_status":"closed","template":"elementor_header_footer","meta":{"footnotes":""},"class_list":["post-1886","page","type-page","status-publish","hentry"],"yoast_head":"<!-- This site is optimized with the Yoast SEO plugin v23.3 - https:\/\/yoast.com\/wordpress\/plugins\/seo\/ -->\n<title>Surf marqueterie IRIDESCENCE - Atelier KEMORO artisan \u00e9b\u00e9niste &amp; shaper bois<\/title>\n<meta name=\"robots\" content=\"index, follow, max-snippet:-1, max-image-preview:large, max-video-preview:-1\" \/>\n<link rel=\"canonical\" href=\"https:\/\/atelierkemoro.com\/en\/surf-marqueterie-iridescence\/\" \/>\n<meta property=\"og:locale\" content=\"en_US\" \/>\n<meta property=\"og:type\" content=\"article\" \/>\n<meta property=\"og:title\" content=\"Surf marqueterie IRIDESCENCE - Atelier KEMORO artisan \u00e9b\u00e9niste &amp; shaper bois\" \/>\n<meta property=\"og:description\" content=\"Planche de Surf Hollow \u00ab Iridescence \u00bb \u00c0 l\u2019intersection de la performance et de l\u2019artisanat, la planche de surf hollow Iridescence r\u00e9v\u00e8le une esth\u00e9tique rare o\u00f9 la marqueterie devient une v\u00e9ritable \u0153uvre d\u2019art. Le corps de la planche est teint\u00e9 noir profond, soulign\u00e9 par un placage en frise de bois teint\u00e9 bleu qui ceinture \u00e9l\u00e9gamment [&hellip;]\" \/>\n<meta property=\"og:url\" content=\"https:\/\/atelierkemoro.com\/en\/surf-marqueterie-iridescence\/\" \/>\n<meta property=\"og:site_name\" content=\"Atelier KEMORO artisan \u00e9b\u00e9niste &amp; shaper bois\" \/>\n<meta property=\"article:publisher\" content=\"https:\/\/www.facebook.com\/lebenistefr\/\" \/>\n<meta property=\"article:modified_time\" content=\"2025-06-18T14:39:25+00:00\" \/>\n<meta property=\"og:image\" content=\"https:\/\/atelierkemoro.com\/wp-content\/uploads\/2025\/01\/Surf-marqueterie-1-766x957.webp\" \/>\n<meta name=\"twitter:card\" content=\"summary_large_image\" \/>\n<meta name=\"twitter:label1\" content=\"Est. reading time\" \/>\n\t<meta name=\"twitter:data1\" content=\"2 minutes\" \/>\n<script type=\"application\/ld+json\" class=\"yoast-schema-graph\">{\"@context\":\"https:\/\/schema.org\",\"@graph\":[{\"@type\":\"WebPage\",\"@id\":\"https:\/\/atelierkemoro.com\/surf-marqueterie-iridescence\/\",\"url\":\"https:\/\/atelierkemoro.com\/surf-marqueterie-iridescence\/\",\"name\":\"Surf marqueterie IRIDESCENCE - Atelier KEMORO artisan \u00e9b\u00e9niste &amp; shaper bois\",\"isPartOf\":{\"@id\":\"https:\/\/atelierkemoro.com\/#website\"},\"primaryImageOfPage\":{\"@id\":\"https:\/\/atelierkemoro.com\/surf-marqueterie-iridescence\/#primaryimage\"},\"image\":{\"@id\":\"https:\/\/atelierkemoro.com\/surf-marqueterie-iridescence\/#primaryimage\"},\"thumbnailUrl\":\"https:\/\/atelierkemoro.com\/wp-content\/uploads\/2025\/01\/Surf-marqueterie-1-766x957.webp\",\"datePublished\":\"2025-06-18T14:34:23+00:00\",\"dateModified\":\"2025-06-18T14:39:25+00:00\",\"breadcrumb\":{\"@id\":\"https:\/\/atelierkemoro.com\/surf-marqueterie-iridescence\/#breadcrumb\"},\"inLanguage\":\"en-US\",\"potentialAction\":[{\"@type\":\"ReadAction\",\"target\":[\"https:\/\/atelierkemoro.com\/surf-marqueterie-iridescence\/\"]}]},{\"@type\":\"ImageObject\",\"inLanguage\":\"en-US\",\"@id\":\"https:\/\/atelierkemoro.com\/surf-marqueterie-iridescence\/#primaryimage\",\"url\":\"https:\/\/atelierkemoro.com\/wp-content\/uploads\/2025\/01\/Surf-marqueterie-1-766x957.webp\",\"contentUrl\":\"https:\/\/atelierkemoro.com\/wp-content\/uploads\/2025\/01\/Surf-marqueterie-1-766x957.webp\"},{\"@type\":\"BreadcrumbList\",\"@id\":\"https:\/\/atelierkemoro.com\/surf-marqueterie-iridescence\/#breadcrumb\",\"itemListElement\":[{\"@type\":\"ListItem\",\"position\":1,\"name\":\"Accueil\",\"item\":\"https:\/\/atelierkemoro.com\/\"},{\"@type\":\"ListItem\",\"position\":2,\"name\":\"Surf marqueterie IRIDESCENCE\"}]},{\"@type\":\"WebSite\",\"@id\":\"https:\/\/atelierkemoro.com\/#website\",\"url\":\"https:\/\/atelierkemoro.com\/\",\"name\":\"Atelier KEMORO artisan shaper \u00e9b\u00e9niste\",\"description\":\"Fabrication artisanale de mobilier, surf hollow et skateboard en bois\",\"publisher\":{\"@id\":\"https:\/\/atelierkemoro.com\/#organization\"},\"potentialAction\":[{\"@type\":\"SearchAction\",\"target\":{\"@type\":\"EntryPoint\",\"urlTemplate\":\"https:\/\/atelierkemoro.com\/?s={search_term_string}\"},\"query-input\":\"required name=search_term_string\"}],\"inLanguage\":\"en-US\"},{\"@type\":\"Organization\",\"@id\":\"https:\/\/atelierkemoro.com\/#organization\",\"name\":\"Atelier KEMORO artisan \u00e9b\u00e9niste & shaper bois\",\"url\":\"https:\/\/atelierkemoro.com\/\",\"logo\":{\"@type\":\"ImageObject\",\"inLanguage\":\"en-US\",\"@id\":\"https:\/\/atelierkemoro.com\/#\/schema\/logo\/image\/\",\"url\":\"https:\/\/atelierkemoro.com\/wp-content\/uploads\/2024\/06\/Logo-atelier-kemoro-negatif-scaled.jpg\",\"contentUrl\":\"https:\/\/atelierkemoro.com\/wp-content\/uploads\/2024\/06\/Logo-atelier-kemoro-negatif-scaled.jpg\",\"width\":2560,\"height\":929,\"caption\":\"Atelier KEMORO artisan \u00e9b\u00e9niste & shaper bois\"},\"image\":{\"@id\":\"https:\/\/atelierkemoro.com\/#\/schema\/logo\/image\/\"},\"sameAs\":[\"https:\/\/www.facebook.com\/lebenistefr\/\",\"https:\/\/www.instagram.com\/atelierkemoro\/\",\"https:\/\/www.youtube.com\/@atelierkemoro\/\"]}]}<\/script>\n<!-- \/ Yoast SEO plugin. -->","yoast_head_json":{"title":"Surf marqueterie IRIDESCENCE - Atelier KEMORO artisan \u00e9b\u00e9niste &amp; shaper bois","robots":{"index":"index","follow":"follow","max-snippet":"max-snippet:-1","max-image-preview":"max-image-preview:large","max-video-preview":"max-video-preview:-1"},"canonical":"https:\/\/atelierkemoro.com\/en\/surf-marqueterie-iridescence\/","og_locale":"en_US","og_type":"article","og_title":"Surf marqueterie IRIDESCENCE - Atelier KEMORO artisan \u00e9b\u00e9niste &amp; shaper bois","og_description":"Planche de Surf Hollow \u00ab Iridescence \u00bb \u00c0 l\u2019intersection de la performance et de l\u2019artisanat, la planche de surf hollow Iridescence r\u00e9v\u00e8le une esth\u00e9tique rare o\u00f9 la marqueterie devient une v\u00e9ritable \u0153uvre d\u2019art. Le corps de la planche est teint\u00e9 noir profond, soulign\u00e9 par un placage en frise de bois teint\u00e9 bleu qui ceinture \u00e9l\u00e9gamment [&hellip;]","og_url":"https:\/\/atelierkemoro.com\/en\/surf-marqueterie-iridescence\/","og_site_name":"Atelier KEMORO artisan \u00e9b\u00e9niste &amp; shaper bois","article_publisher":"https:\/\/www.facebook.com\/lebenistefr\/","article_modified_time":"2025-06-18T14:39:25+00:00","og_image":[{"url":"https:\/\/atelierkemoro.com\/wp-content\/uploads\/2025\/01\/Surf-marqueterie-1-766x957.webp"}],"twitter_card":"summary_large_image","twitter_misc":{"Est. reading time":"2 minutes"},"schema":{"@context":"https:\/\/schema.org","@graph":[{"@type":"WebPage","@id":"https:\/\/atelierkemoro.com\/surf-marqueterie-iridescence\/","url":"https:\/\/atelierkemoro.com\/surf-marqueterie-iridescence\/","name":"Surf marqueterie IRIDESCENCE - Atelier KEMORO artisan \u00e9b\u00e9niste &amp; shaper bois","isPartOf":{"@id":"https:\/\/atelierkemoro.com\/#website"},"primaryImageOfPage":{"@id":"https:\/\/atelierkemoro.com\/surf-marqueterie-iridescence\/#primaryimage"},"image":{"@id":"https:\/\/atelierkemoro.com\/surf-marqueterie-iridescence\/#primaryimage"},"thumbnailUrl":"https:\/\/atelierkemoro.com\/wp-content\/uploads\/2025\/01\/Surf-marqueterie-1-766x957.webp","datePublished":"2025-06-18T14:34:23+00:00","dateModified":"2025-06-18T14:39:25+00:00","breadcrumb":{"@id":"https:\/\/atelierkemoro.com\/surf-marqueterie-iridescence\/#breadcrumb"},"inLanguage":"en-US","potentialAction":[{"@type":"ReadAction","target":["https:\/\/atelierkemoro.com\/surf-marqueterie-iridescence\/"]}]},{"@type":"ImageObject","inLanguage":"en-US","@id":"https:\/\/atelierkemoro.com\/surf-marqueterie-iridescence\/#primaryimage","url":"https:\/\/atelierkemoro.com\/wp-content\/uploads\/2025\/01\/Surf-marqueterie-1-766x957.webp","contentUrl":"https:\/\/atelierkemoro.com\/wp-content\/uploads\/2025\/01\/Surf-marqueterie-1-766x957.webp"},{"@type":"BreadcrumbList","@id":"https:\/\/atelierkemoro.com\/surf-marqueterie-iridescence\/#breadcrumb","itemListElement":[{"@type":"ListItem","position":1,"name":"Accueil","item":"https:\/\/atelierkemoro.com\/"},{"@type":"ListItem","position":2,"name":"Surf marqueterie IRIDESCENCE"}]},{"@type":"WebSite","@id":"https:\/\/atelierkemoro.com\/#website","url":"https:\/\/atelierkemoro.com\/","name":"Atelier KEMORO artisan shaper \u00e9b\u00e9niste","description":"Fabrication artisanale de mobilier, surf hollow et skateboard en bois","publisher":{"@id":"https:\/\/atelierkemoro.com\/#organization"},"potentialAction":[{"@type":"SearchAction","target":{"@type":"EntryPoint","urlTemplate":"https:\/\/atelierkemoro.com\/?s={search_term_string}"},"query-input":"required name=search_term_string"}],"inLanguage":"en-US"},{"@type":"Organization","@id":"https:\/\/atelierkemoro.com\/#organization","name":"Atelier KEMORO artisan \u00e9b\u00e9niste & shaper bois","url":"https:\/\/atelierkemoro.com\/","logo":{"@type":"ImageObject","inLanguage":"en-US","@id":"https:\/\/atelierkemoro.com\/#\/schema\/logo\/image\/","url":"https:\/\/atelierkemoro.com\/wp-content\/uploads\/2024\/06\/Logo-atelier-kemoro-negatif-scaled.jpg","contentUrl":"https:\/\/atelierkemoro.com\/wp-content\/uploads\/2024\/06\/Logo-atelier-kemoro-negatif-scaled.jpg","width":2560,"height":929,"caption":"Atelier KEMORO artisan \u00e9b\u00e9niste & shaper bois"},"image":{"@id":"https:\/\/atelierkemoro.com\/#\/schema\/logo\/image\/"},"sameAs":["https:\/\/www.facebook.com\/lebenistefr\/","https:\/\/www.instagram.com\/atelierkemoro\/","https:\/\/www.youtube.com\/@atelierkemoro\/"]}]}},"jetpack_sharing_enabled":true,"_links":{"self":[{"href":"https:\/\/atelierkemoro.com\/en\/wp-json\/wp\/v2\/pages\/1886","targetHints":{"allow":["GET"]}}],"collection":[{"href":"https:\/\/atelierkemoro.com\/en\/wp-json\/wp\/v2\/pages"}],"about":[{"href":"https:\/\/atelierkemoro.com\/en\/wp-json\/wp\/v2\/types\/page"}],"author":[{"embeddable":true,"href":"https:\/\/atelierkemoro.com\/en\/wp-json\/wp\/v2\/users\/1"}],"replies":[{"embeddable":true,"href":"https:\/\/atelierkemoro.com\/en\/wp-json\/wp\/v2\/comments?post=1886"}],"version-history":[{"count":7,"href":"https:\/\/atelierkemoro.com\/en\/wp-json\/wp\/v2\/pages\/1886\/revisions"}],"predecessor-version":[{"id":1893,"href":"https:\/\/atelierkemoro.com\/en\/wp-json\/wp\/v2\/pages\/1886\/revisions\/1893"}],"wp:attachment":[{"href":"https:\/\/atelierkemoro.com\/en\/wp-json\/wp\/v2\/media?parent=1886"}],"curies":[{"name":"wp","href":"https:\/\/api.w.org\/{rel}","templated":true}]}}