{"id":1895,"date":"2025-06-18T16:42:39","date_gmt":"2025-06-18T14:42:39","guid":{"rendered":"https:\/\/atelierkemoro.com\/?page_id=1895"},"modified":"2025-06-18T16:53:52","modified_gmt":"2025-06-18T14:53:52","slug":"luminaire-la-surfeuse","status":"publish","type":"page","link":"https:\/\/atelierkemoro.com\/en\/luminaire-la-surfeuse\/","title":{"rendered":"Luminaire LA SURFEUSE"},"content":{"rendered":"<div data-elementor-type=\"wp-page\" data-elementor-id=\"1895\" class=\"elementor elementor-1895\" data-elementor-post-type=\"page\">\n\t\t\t\t<div class=\"elementor-element elementor-element-712acb6d e-con-full e-flex e-con e-parent\" data-id=\"712acb6d\" data-element_type=\"container\">\n\t\t<div class=\"elementor-element elementor-element-316b447e e-con-full e-flex e-con e-child\" data-id=\"316b447e\" data-element_type=\"container\">\n\t\t\t\t<div class=\"elementor-element elementor-element-17632208 elementor-widget elementor-widget-heading\" data-id=\"17632208\" data-element_type=\"widget\" data-widget_type=\"heading.default\">\n\t\t\t\t<div class=\"elementor-widget-container\">\n\t\t\t<style>\/*! elementor - v3.22.0 - 17-06-2024 *\/\n.elementor-heading-title{padding:0;margin:0;line-height:1}.elementor-widget-heading .elementor-heading-title[class*=elementor-size-]>a{color:inherit;font-size:inherit;line-height:inherit}.elementor-widget-heading .elementor-heading-title.elementor-size-small{font-size:15px}.elementor-widget-heading .elementor-heading-title.elementor-size-medium{font-size:19px}.elementor-widget-heading .elementor-heading-title.elementor-size-large{font-size:29px}.elementor-widget-heading .elementor-heading-title.elementor-size-xl{font-size:39px}.elementor-widget-heading .elementor-heading-title.elementor-size-xxl{font-size:59px}<\/style><h2 class=\"elementor-heading-title elementor-size-default\">Marqueterie Lumineuse \u00ab La Surfeuse \u00bb<\/h2>\t\t<\/div>\n\t\t\t\t<\/div>\n\t\t\t\t<div class=\"elementor-element elementor-element-1e8d04d1 elementor-widget elementor-widget-text-editor\" data-id=\"1e8d04d1\" data-element_type=\"widget\" data-widget_type=\"text-editor.default\">\n\t\t\t\t<div class=\"elementor-widget-container\">\n\t\t\t<style>\/*! elementor - v3.22.0 - 17-06-2024 *\/\n.elementor-widget-text-editor.elementor-drop-cap-view-stacked .elementor-drop-cap{background-color:#69727d;color:#fff}.elementor-widget-text-editor.elementor-drop-cap-view-framed .elementor-drop-cap{color:#69727d;border:3px solid;background-color:transparent}.elementor-widget-text-editor:not(.elementor-drop-cap-view-default) .elementor-drop-cap{margin-top:8px}.elementor-widget-text-editor:not(.elementor-drop-cap-view-default) .elementor-drop-cap-letter{width:1em;height:1em}.elementor-widget-text-editor .elementor-drop-cap{float:left;text-align:center;line-height:1;font-size:50px}.elementor-widget-text-editor .elementor-drop-cap-letter{display:inline-block}<\/style>\t\t\t\t<p data-start=\"308\" data-end=\"356\">Une \u0153uvre vivante entre lumi\u00e8re et bois pr\u00e9cieux<\/p><p data-start=\"358\" data-end=\"537\">Cette marqueterie lumineuse unique revisite avec sensibilit\u00e9 la figure embl\u00e9matique de la surfeuse, traduite en volumes et textures bois\u00e9es aux tonalit\u00e9s profondes et contrast\u00e9es.<\/p><p data-start=\"539\" data-end=\"881\">Le panneau m\u00eale d\u00e9licatement placage de frak\u00e9, m\u00e9l\u00e8ze fum\u00e9, fr\u00eane, ziricote et ronce d\u2019\u00e9rable, sculptant un portrait \u00e0 la fois d\u00e9licat et puissant. L\u2019encadrement en fr\u00eane massif r\u00e9tro\u00e9clair\u00e9 de l\u2019int\u00e9rieur diffuse une lumi\u00e8re douce \u00e0 travers un panneau en PVC blanc mat, cr\u00e9ant un halo enveloppant qui sublime chaque d\u00e9tail et nuance du bois.<\/p><p data-start=\"883\" data-end=\"1167\">Gr\u00e2ce \u00e0 ses supports amovibles, cette pi\u00e8ce peut s\u2019exposer en tableau mural ou en luminaire d\u2019appoint, offrant ainsi une double fonction esth\u00e9tique et fonctionnelle. L\u2019\u00e9quilibre subtil entre la mati\u00e8re naturelle et la lumi\u00e8re invite \u00e0 une exp\u00e9rience visuelle immersive et chaleureuse.<\/p><p data-start=\"1169\" data-end=\"1305\">Chaque marqueterie lumineuse est r\u00e9alis\u00e9e artisanalement \u00e0 Bordeaux, sign\u00e9e et num\u00e9rot\u00e9e, et peut \u00eatre personnalis\u00e9e selon les souhaits.<\/p><hr data-start=\"1261\" data-end=\"1264\" \/><p data-start=\"1266\" data-end=\"1481\"><strong data-start=\"1266\" data-end=\"1279\">Mat\u00e9riaux<\/strong> : frak\u00e9, m\u00e9l\u00e8ze fum\u00e9, fr\u00eane, ziricote, ronce d\u2019\u00e9rable, fr\u00eane massif, PVC blanc mat, \u00e9clairage LED basse consommation<br data-start=\"1330\" data-end=\"1333\" \/><strong data-start=\"1333\" data-end=\"1346\">Finitions<\/strong> : cire dure mate<br data-start=\"1369\" data-end=\"1372\" \/><strong data-start=\"1372\" data-end=\"1386\">Dimensions<\/strong> : format proche d&rsquo;un A4<br data-start=\"1460\" data-end=\"1463\" \/><strong data-start=\"1463\" data-end=\"1472\">Ann\u00e9e<\/strong> : 2025<\/p><p data-start=\"1483\" data-end=\"1574\">Chaque pi\u00e8ce est fabriqu\u00e9e \u00e0 la main, sign\u00e9e, num\u00e9rot\u00e9e, et peut \u00eatre adapt\u00e9e sur commande.<\/p><p data-start=\"1576\" data-end=\"1666\"><strong data-start=\"1576\" data-end=\"1604\">Demande de prix par mail<\/strong> : atelierkemoro@gmail.com<br data-start=\"1629\" data-end=\"1632\" \/><strong data-start=\"1632\" data-end=\"1666\">Pi\u00e8ces sur commande uniquement<\/strong><\/p>\t\t\t\t\t\t<\/div>\n\t\t\t\t<\/div>\n\t\t\t\t<\/div>\n\t\t<div class=\"elementor-element elementor-element-3a331e7b e-con-full e-flex e-con e-child\" data-id=\"3a331e7b\" data-element_type=\"container\" data-settings=\"{&quot;background_background&quot;:&quot;classic&quot;}\">\n\t\t\t\t<div class=\"elementor-element elementor-element-505b09a2 elementor-widget elementor-widget-image\" data-id=\"505b09a2\" data-element_type=\"widget\" data-widget_type=\"image.default\">\n\t\t\t\t<div class=\"elementor-widget-container\">\n\t\t\t<style>\/*! elementor - v3.22.0 - 17-06-2024 *\/\n.elementor-widget-image{text-align:center}.elementor-widget-image a{display:inline-block}.elementor-widget-image a img[src$=\".svg\"]{width:48px}.elementor-widget-image img{vertical-align:middle;display:inline-block}<\/style>\t\t\t\t\t\t\t\t\t\t<img fetchpriority=\"high\" decoding=\"async\" width=\"707\" height=\"957\" src=\"https:\/\/atelierkemoro.com\/wp-content\/uploads\/2025\/06\/20250602_230353-707x957.jpg\" class=\"attachment-large size-large wp-image-1719\" alt=\"\" srcset=\"https:\/\/atelierkemoro.com\/wp-content\/uploads\/2025\/06\/20250602_230353-707x957.jpg 707w, https:\/\/atelierkemoro.com\/wp-content\/uploads\/2025\/06\/20250602_230353-259x350.jpg 259w, https:\/\/atelierkemoro.com\/wp-content\/uploads\/2025\/06\/20250602_230353-768x1040.jpg 768w, https:\/\/atelierkemoro.com\/wp-content\/uploads\/2025\/06\/20250602_230353-1135x1536.jpg 1135w, https:\/\/atelierkemoro.com\/wp-content\/uploads\/2025\/06\/20250602_230353-9x12.jpg 9w, https:\/\/atelierkemoro.com\/wp-content\/uploads\/2025\/06\/20250602_230353-1200x1624.jpg 1200w, https:\/\/atelierkemoro.com\/wp-content\/uploads\/2025\/06\/20250602_230353.jpg 1513w\" sizes=\"(max-width: 707px) 100vw, 707px\" \/>\t\t\t\t\t\t\t\t\t\t\t\t\t<\/div>\n\t\t\t\t<\/div>\n\t\t\t\t<\/div>\n\t\t\t\t<\/div>\n\t\t<div class=\"elementor-element elementor-element-6483844b e-con-full e-flex e-con e-parent\" data-id=\"6483844b\" data-element_type=\"container\">\n\t\t\t\t<div class=\"elementor-element elementor-element-1d2f8811 elementor-widget elementor-widget-spacer\" data-id=\"1d2f8811\" data-element_type=\"widget\" data-widget_type=\"spacer.default\">\n\t\t\t\t<div class=\"elementor-widget-container\">\n\t\t\t<style>\/*! elementor - v3.22.0 - 17-06-2024 *\/\n.elementor-column .elementor-spacer-inner{height:var(--spacer-size)}.e-con{--container-widget-width:100%}.e-con-inner>.elementor-widget-spacer,.e-con>.elementor-widget-spacer{width:var(--container-widget-width,var(--spacer-size));--align-self:var(--container-widget-align-self,initial);--flex-shrink:0}.e-con-inner>.elementor-widget-spacer>.elementor-widget-container,.e-con>.elementor-widget-spacer>.elementor-widget-container{height:100%;width:100%}.e-con-inner>.elementor-widget-spacer>.elementor-widget-container>.elementor-spacer,.e-con>.elementor-widget-spacer>.elementor-widget-container>.elementor-spacer{height:100%}.e-con-inner>.elementor-widget-spacer>.elementor-widget-container>.elementor-spacer>.elementor-spacer-inner,.e-con>.elementor-widget-spacer>.elementor-widget-container>.elementor-spacer>.elementor-spacer-inner{height:var(--container-widget-height,var(--spacer-size))}.e-con-inner>.elementor-widget-spacer.elementor-widget-empty,.e-con>.elementor-widget-spacer.elementor-widget-empty{position:relative;min-height:22px;min-width:22px}.e-con-inner>.elementor-widget-spacer.elementor-widget-empty .elementor-widget-empty-icon,.e-con>.elementor-widget-spacer.elementor-widget-empty .elementor-widget-empty-icon{position:absolute;top:0;bottom:0;left:0;right:0;margin:auto;padding:0;width:22px;height:22px}<\/style>\t\t<div class=\"elementor-spacer\">\n\t\t\t<div class=\"elementor-spacer-inner\"><\/div>\n\t\t<\/div>\n\t\t\t\t<\/div>\n\t\t\t\t<\/div>\n\t\t\t\t<div class=\"elementor-element elementor-element-117573a elementor-widget elementor-widget-image\" data-id=\"117573a\" data-element_type=\"widget\" data-widget_type=\"image.default\">\n\t\t\t\t<div class=\"elementor-widget-container\">\n\t\t\t\t\t\t\t\t\t\t\t\t\t<img decoding=\"async\" width=\"718\" height=\"957\" src=\"https:\/\/atelierkemoro.com\/wp-content\/uploads\/2025\/06\/20250602_104750-718x957.jpg\" class=\"attachment-large size-large wp-image-1898\" alt=\"\" srcset=\"https:\/\/atelierkemoro.com\/wp-content\/uploads\/2025\/06\/20250602_104750-718x957.jpg 718w, https:\/\/atelierkemoro.com\/wp-content\/uploads\/2025\/06\/20250602_104750-263x350.jpg 263w, https:\/\/atelierkemoro.com\/wp-content\/uploads\/2025\/06\/20250602_104750-768x1024.jpg 768w, https:\/\/atelierkemoro.com\/wp-content\/uploads\/2025\/06\/20250602_104750-1152x1536.jpg 1152w, https:\/\/atelierkemoro.com\/wp-content\/uploads\/2025\/06\/20250602_104750-1536x2048.jpg 1536w, https:\/\/atelierkemoro.com\/wp-content\/uploads\/2025\/06\/20250602_104750-9x12.jpg 9w, https:\/\/atelierkemoro.com\/wp-content\/uploads\/2025\/06\/20250602_104750-1200x1600.jpg 1200w, https:\/\/atelierkemoro.com\/wp-content\/uploads\/2025\/06\/20250602_104750-2000x2667.jpg 2000w, https:\/\/atelierkemoro.com\/wp-content\/uploads\/2025\/06\/20250602_104750-scaled.jpg 1920w\" sizes=\"(max-width: 718px) 100vw, 718px\" \/>\t\t\t\t\t\t\t\t\t\t\t\t\t<\/div>\n\t\t\t\t<\/div>\n\t\t\t\t<\/div>\n\t\t<div class=\"elementor-element elementor-element-44661623 e-con-full e-flex e-con e-parent\" data-id=\"44661623\" data-element_type=\"container\">\n\t\t\t\t<div class=\"elementor-element elementor-element-3ce8a291 elementor-widget elementor-widget-image\" data-id=\"3ce8a291\" data-element_type=\"widget\" data-widget_type=\"image.default\">\n\t\t\t\t<div class=\"elementor-widget-container\">\n\t\t\t\t\t\t\t\t\t\t\t\t\t<img decoding=\"async\" width=\"718\" height=\"957\" src=\"https:\/\/atelierkemoro.com\/wp-content\/uploads\/2025\/06\/20250529_1837310-718x957.jpg\" class=\"attachment-large size-large wp-image-1899\" alt=\"\" srcset=\"https:\/\/atelierkemoro.com\/wp-content\/uploads\/2025\/06\/20250529_1837310-718x957.jpg 718w, https:\/\/atelierkemoro.com\/wp-content\/uploads\/2025\/06\/20250529_1837310-263x350.jpg 263w, https:\/\/atelierkemoro.com\/wp-content\/uploads\/2025\/06\/20250529_1837310-768x1024.jpg 768w, https:\/\/atelierkemoro.com\/wp-content\/uploads\/2025\/06\/20250529_1837310-1152x1536.jpg 1152w, https:\/\/atelierkemoro.com\/wp-content\/uploads\/2025\/06\/20250529_1837310-1536x2048.jpg 1536w, https:\/\/atelierkemoro.com\/wp-content\/uploads\/2025\/06\/20250529_1837310-9x12.jpg 9w, https:\/\/atelierkemoro.com\/wp-content\/uploads\/2025\/06\/20250529_1837310-1200x1600.jpg 1200w, https:\/\/atelierkemoro.com\/wp-content\/uploads\/2025\/06\/20250529_1837310-2000x2667.jpg 2000w, https:\/\/atelierkemoro.com\/wp-content\/uploads\/2025\/06\/20250529_1837310-scaled.jpg 1920w\" sizes=\"(max-width: 718px) 100vw, 718px\" \/>\t\t\t\t\t\t\t\t\t\t\t\t\t<\/div>\n\t\t\t\t<\/div>\n\t\t\t\t<div class=\"elementor-element elementor-element-034bb2a elementor-widget elementor-widget-spacer\" data-id=\"034bb2a\" data-element_type=\"widget\" data-widget_type=\"spacer.default\">\n\t\t\t\t<div class=\"elementor-widget-container\">\n\t\t\t\t\t<div class=\"elementor-spacer\">\n\t\t\t<div class=\"elementor-spacer-inner\"><\/div>\n\t\t<\/div>\n\t\t\t\t<\/div>\n\t\t\t\t<\/div>\n\t\t\t\t<\/div>\n\t\t\t\t<\/div>","protected":false},"excerpt":{"rendered":"<p>Marqueterie Lumineuse \u00ab La Surfeuse \u00bb Une \u0153uvre vivante entre lumi\u00e8re et bois pr\u00e9cieux Cette marqueterie lumineuse unique revisite avec sensibilit\u00e9 la figure embl\u00e9matique de la surfeuse, traduite en volumes et textures bois\u00e9es aux tonalit\u00e9s profondes et contrast\u00e9es. Le panneau m\u00eale d\u00e9licatement placage de frak\u00e9, m\u00e9l\u00e8ze fum\u00e9, fr\u00eane, ziricote et ronce d\u2019\u00e9rable, sculptant un portrait [&hellip;]<\/p>","protected":false},"author":1,"featured_media":0,"parent":0,"menu_order":0,"comment_status":"closed","ping_status":"closed","template":"elementor_header_footer","meta":{"footnotes":""},"class_list":["post-1895","page","type-page","status-publish","hentry"],"yoast_head":"<!-- This site is optimized with the Yoast SEO plugin v23.3 - https:\/\/yoast.com\/wordpress\/plugins\/seo\/ -->\n<title>Luminaire LA SURFEUSE - Atelier KEMORO artisan \u00e9b\u00e9niste &amp; shaper bois<\/title>\n<meta name=\"robots\" content=\"index, follow, max-snippet:-1, max-image-preview:large, max-video-preview:-1\" \/>\n<link rel=\"canonical\" href=\"https:\/\/atelierkemoro.com\/en\/luminaire-la-surfeuse\/\" \/>\n<meta property=\"og:locale\" content=\"en_US\" \/>\n<meta property=\"og:type\" content=\"article\" \/>\n<meta property=\"og:title\" content=\"Luminaire LA SURFEUSE - Atelier KEMORO artisan \u00e9b\u00e9niste &amp; shaper bois\" \/>\n<meta property=\"og:description\" content=\"Marqueterie Lumineuse \u00ab La Surfeuse \u00bb Une \u0153uvre vivante entre lumi\u00e8re et bois pr\u00e9cieux Cette marqueterie lumineuse unique revisite avec sensibilit\u00e9 la figure embl\u00e9matique de la surfeuse, traduite en volumes et textures bois\u00e9es aux tonalit\u00e9s profondes et contrast\u00e9es. Le panneau m\u00eale d\u00e9licatement placage de frak\u00e9, m\u00e9l\u00e8ze fum\u00e9, fr\u00eane, ziricote et ronce d\u2019\u00e9rable, sculptant un portrait [&hellip;]\" \/>\n<meta property=\"og:url\" content=\"https:\/\/atelierkemoro.com\/en\/luminaire-la-surfeuse\/\" \/>\n<meta property=\"og:site_name\" content=\"Atelier KEMORO artisan \u00e9b\u00e9niste &amp; shaper bois\" \/>\n<meta property=\"article:publisher\" content=\"https:\/\/www.facebook.com\/lebenistefr\/\" \/>\n<meta property=\"article:modified_time\" content=\"2025-06-18T14:53:52+00:00\" \/>\n<meta property=\"og:image\" content=\"https:\/\/atelierkemoro.com\/wp-content\/uploads\/2025\/06\/20250602_230353-707x957.jpg\" \/>\n<meta name=\"twitter:card\" content=\"summary_large_image\" \/>\n<meta name=\"twitter:label1\" content=\"Est. reading time\" \/>\n\t<meta name=\"twitter:data1\" content=\"2 minutes\" \/>\n<script type=\"application\/ld+json\" class=\"yoast-schema-graph\">{\"@context\":\"https:\/\/schema.org\",\"@graph\":[{\"@type\":\"WebPage\",\"@id\":\"https:\/\/atelierkemoro.com\/luminaire-la-surfeuse\/\",\"url\":\"https:\/\/atelierkemoro.com\/luminaire-la-surfeuse\/\",\"name\":\"Luminaire LA SURFEUSE - Atelier KEMORO artisan \u00e9b\u00e9niste &amp; shaper bois\",\"isPartOf\":{\"@id\":\"https:\/\/atelierkemoro.com\/#website\"},\"primaryImageOfPage\":{\"@id\":\"https:\/\/atelierkemoro.com\/luminaire-la-surfeuse\/#primaryimage\"},\"image\":{\"@id\":\"https:\/\/atelierkemoro.com\/luminaire-la-surfeuse\/#primaryimage\"},\"thumbnailUrl\":\"https:\/\/atelierkemoro.com\/wp-content\/uploads\/2025\/06\/20250602_230353-707x957.jpg\",\"datePublished\":\"2025-06-18T14:42:39+00:00\",\"dateModified\":\"2025-06-18T14:53:52+00:00\",\"breadcrumb\":{\"@id\":\"https:\/\/atelierkemoro.com\/luminaire-la-surfeuse\/#breadcrumb\"},\"inLanguage\":\"en-US\",\"potentialAction\":[{\"@type\":\"ReadAction\",\"target\":[\"https:\/\/atelierkemoro.com\/luminaire-la-surfeuse\/\"]}]},{\"@type\":\"ImageObject\",\"inLanguage\":\"en-US\",\"@id\":\"https:\/\/atelierkemoro.com\/luminaire-la-surfeuse\/#primaryimage\",\"url\":\"https:\/\/atelierkemoro.com\/wp-content\/uploads\/2025\/06\/20250602_230353-707x957.jpg\",\"contentUrl\":\"https:\/\/atelierkemoro.com\/wp-content\/uploads\/2025\/06\/20250602_230353-707x957.jpg\"},{\"@type\":\"BreadcrumbList\",\"@id\":\"https:\/\/atelierkemoro.com\/luminaire-la-surfeuse\/#breadcrumb\",\"itemListElement\":[{\"@type\":\"ListItem\",\"position\":1,\"name\":\"Accueil\",\"item\":\"https:\/\/atelierkemoro.com\/\"},{\"@type\":\"ListItem\",\"position\":2,\"name\":\"Luminaire LA SURFEUSE\"}]},{\"@type\":\"WebSite\",\"@id\":\"https:\/\/atelierkemoro.com\/#website\",\"url\":\"https:\/\/atelierkemoro.com\/\",\"name\":\"Atelier KEMORO artisan shaper \u00e9b\u00e9niste\",\"description\":\"Fabrication artisanale de mobilier, surf hollow et skateboard en bois\",\"publisher\":{\"@id\":\"https:\/\/atelierkemoro.com\/#organization\"},\"potentialAction\":[{\"@type\":\"SearchAction\",\"target\":{\"@type\":\"EntryPoint\",\"urlTemplate\":\"https:\/\/atelierkemoro.com\/?s={search_term_string}\"},\"query-input\":\"required name=search_term_string\"}],\"inLanguage\":\"en-US\"},{\"@type\":\"Organization\",\"@id\":\"https:\/\/atelierkemoro.com\/#organization\",\"name\":\"Atelier KEMORO artisan \u00e9b\u00e9niste & shaper bois\",\"url\":\"https:\/\/atelierkemoro.com\/\",\"logo\":{\"@type\":\"ImageObject\",\"inLanguage\":\"en-US\",\"@id\":\"https:\/\/atelierkemoro.com\/#\/schema\/logo\/image\/\",\"url\":\"https:\/\/atelierkemoro.com\/wp-content\/uploads\/2024\/06\/Logo-atelier-kemoro-negatif-scaled.jpg\",\"contentUrl\":\"https:\/\/atelierkemoro.com\/wp-content\/uploads\/2024\/06\/Logo-atelier-kemoro-negatif-scaled.jpg\",\"width\":2560,\"height\":929,\"caption\":\"Atelier KEMORO artisan \u00e9b\u00e9niste & shaper bois\"},\"image\":{\"@id\":\"https:\/\/atelierkemoro.com\/#\/schema\/logo\/image\/\"},\"sameAs\":[\"https:\/\/www.facebook.com\/lebenistefr\/\",\"https:\/\/www.instagram.com\/atelierkemoro\/\",\"https:\/\/www.youtube.com\/@atelierkemoro\/\"]}]}<\/script>\n<!-- \/ Yoast SEO plugin. -->","yoast_head_json":{"title":"Luminaire LA SURFEUSE - Atelier KEMORO artisan \u00e9b\u00e9niste &amp; shaper bois","robots":{"index":"index","follow":"follow","max-snippet":"max-snippet:-1","max-image-preview":"max-image-preview:large","max-video-preview":"max-video-preview:-1"},"canonical":"https:\/\/atelierkemoro.com\/en\/luminaire-la-surfeuse\/","og_locale":"en_US","og_type":"article","og_title":"Luminaire LA SURFEUSE - Atelier KEMORO artisan \u00e9b\u00e9niste &amp; shaper bois","og_description":"Marqueterie Lumineuse \u00ab La Surfeuse \u00bb Une \u0153uvre vivante entre lumi\u00e8re et bois pr\u00e9cieux Cette marqueterie lumineuse unique revisite avec sensibilit\u00e9 la figure embl\u00e9matique de la surfeuse, traduite en volumes et textures bois\u00e9es aux tonalit\u00e9s profondes et contrast\u00e9es. Le panneau m\u00eale d\u00e9licatement placage de frak\u00e9, m\u00e9l\u00e8ze fum\u00e9, fr\u00eane, ziricote et ronce d\u2019\u00e9rable, sculptant un portrait [&hellip;]","og_url":"https:\/\/atelierkemoro.com\/en\/luminaire-la-surfeuse\/","og_site_name":"Atelier KEMORO artisan \u00e9b\u00e9niste &amp; shaper bois","article_publisher":"https:\/\/www.facebook.com\/lebenistefr\/","article_modified_time":"2025-06-18T14:53:52+00:00","og_image":[{"url":"https:\/\/atelierkemoro.com\/wp-content\/uploads\/2025\/06\/20250602_230353-707x957.jpg"}],"twitter_card":"summary_large_image","twitter_misc":{"Est. reading time":"2 minutes"},"schema":{"@context":"https:\/\/schema.org","@graph":[{"@type":"WebPage","@id":"https:\/\/atelierkemoro.com\/luminaire-la-surfeuse\/","url":"https:\/\/atelierkemoro.com\/luminaire-la-surfeuse\/","name":"Luminaire LA SURFEUSE - Atelier KEMORO artisan \u00e9b\u00e9niste &amp; shaper bois","isPartOf":{"@id":"https:\/\/atelierkemoro.com\/#website"},"primaryImageOfPage":{"@id":"https:\/\/atelierkemoro.com\/luminaire-la-surfeuse\/#primaryimage"},"image":{"@id":"https:\/\/atelierkemoro.com\/luminaire-la-surfeuse\/#primaryimage"},"thumbnailUrl":"https:\/\/atelierkemoro.com\/wp-content\/uploads\/2025\/06\/20250602_230353-707x957.jpg","datePublished":"2025-06-18T14:42:39+00:00","dateModified":"2025-06-18T14:53:52+00:00","breadcrumb":{"@id":"https:\/\/atelierkemoro.com\/luminaire-la-surfeuse\/#breadcrumb"},"inLanguage":"en-US","potentialAction":[{"@type":"ReadAction","target":["https:\/\/atelierkemoro.com\/luminaire-la-surfeuse\/"]}]},{"@type":"ImageObject","inLanguage":"en-US","@id":"https:\/\/atelierkemoro.com\/luminaire-la-surfeuse\/#primaryimage","url":"https:\/\/atelierkemoro.com\/wp-content\/uploads\/2025\/06\/20250602_230353-707x957.jpg","contentUrl":"https:\/\/atelierkemoro.com\/wp-content\/uploads\/2025\/06\/20250602_230353-707x957.jpg"},{"@type":"BreadcrumbList","@id":"https:\/\/atelierkemoro.com\/luminaire-la-surfeuse\/#breadcrumb","itemListElement":[{"@type":"ListItem","position":1,"name":"Accueil","item":"https:\/\/atelierkemoro.com\/"},{"@type":"ListItem","position":2,"name":"Luminaire LA SURFEUSE"}]},{"@type":"WebSite","@id":"https:\/\/atelierkemoro.com\/#website","url":"https:\/\/atelierkemoro.com\/","name":"Atelier KEMORO artisan shaper \u00e9b\u00e9niste","description":"Fabrication artisanale de mobilier, surf hollow et skateboard en bois","publisher":{"@id":"https:\/\/atelierkemoro.com\/#organization"},"potentialAction":[{"@type":"SearchAction","target":{"@type":"EntryPoint","urlTemplate":"https:\/\/atelierkemoro.com\/?s={search_term_string}"},"query-input":"required name=search_term_string"}],"inLanguage":"en-US"},{"@type":"Organization","@id":"https:\/\/atelierkemoro.com\/#organization","name":"Atelier KEMORO artisan \u00e9b\u00e9niste & shaper bois","url":"https:\/\/atelierkemoro.com\/","logo":{"@type":"ImageObject","inLanguage":"en-US","@id":"https:\/\/atelierkemoro.com\/#\/schema\/logo\/image\/","url":"https:\/\/atelierkemoro.com\/wp-content\/uploads\/2024\/06\/Logo-atelier-kemoro-negatif-scaled.jpg","contentUrl":"https:\/\/atelierkemoro.com\/wp-content\/uploads\/2024\/06\/Logo-atelier-kemoro-negatif-scaled.jpg","width":2560,"height":929,"caption":"Atelier KEMORO artisan \u00e9b\u00e9niste & shaper bois"},"image":{"@id":"https:\/\/atelierkemoro.com\/#\/schema\/logo\/image\/"},"sameAs":["https:\/\/www.facebook.com\/lebenistefr\/","https:\/\/www.instagram.com\/atelierkemoro\/","https:\/\/www.youtube.com\/@atelierkemoro\/"]}]}},"jetpack_sharing_enabled":true,"_links":{"self":[{"href":"https:\/\/atelierkemoro.com\/en\/wp-json\/wp\/v2\/pages\/1895","targetHints":{"allow":["GET"]}}],"collection":[{"href":"https:\/\/atelierkemoro.com\/en\/wp-json\/wp\/v2\/pages"}],"about":[{"href":"https:\/\/atelierkemoro.com\/en\/wp-json\/wp\/v2\/types\/page"}],"author":[{"embeddable":true,"href":"https:\/\/atelierkemoro.com\/en\/wp-json\/wp\/v2\/users\/1"}],"replies":[{"embeddable":true,"href":"https:\/\/atelierkemoro.com\/en\/wp-json\/wp\/v2\/comments?post=1895"}],"version-history":[{"count":5,"href":"https:\/\/atelierkemoro.com\/en\/wp-json\/wp\/v2\/pages\/1895\/revisions"}],"predecessor-version":[{"id":1902,"href":"https:\/\/atelierkemoro.com\/en\/wp-json\/wp\/v2\/pages\/1895\/revisions\/1902"}],"wp:attachment":[{"href":"https:\/\/atelierkemoro.com\/en\/wp-json\/wp\/v2\/media?parent=1895"}],"curies":[{"name":"wp","href":"https:\/\/api.w.org\/{rel}","templated":true}]}}