{"id":375,"date":"2024-08-21T06:45:18","date_gmt":"2024-08-21T04:45:18","guid":{"rendered":"https:\/\/atelierkemoro.com\/?page_id=375"},"modified":"2025-06-18T16:57:18","modified_gmt":"2025-06-18T14:57:18","slug":"catalogue","status":"publish","type":"page","link":"https:\/\/atelierkemoro.com\/en\/catalogue\/","title":{"rendered":"Catalogue"},"content":{"rendered":"<div data-elementor-type=\"wp-page\" data-elementor-id=\"375\" class=\"elementor elementor-375\" data-elementor-post-type=\"page\">\n\t\t\t\t<div class=\"elementor-element elementor-element-d987688 e-flex e-con-boxed e-con e-parent\" data-id=\"d987688\" data-element_type=\"container\" data-settings=\"{&quot;background_background&quot;:&quot;classic&quot;}\">\n\t\t\t\t\t<div class=\"e-con-inner\">\n\t\t\t\t<div class=\"elementor-element elementor-element-4350c3e elementor-widget elementor-widget-heading\" data-id=\"4350c3e\" data-element_type=\"widget\" data-widget_type=\"heading.default\">\n\t\t\t\t<div class=\"elementor-widget-container\">\n\t\t\t<style>\/*! elementor - v3.22.0 - 17-06-2024 *\/\n.elementor-heading-title{padding:0;margin:0;line-height:1}.elementor-widget-heading .elementor-heading-title[class*=elementor-size-]>a{color:inherit;font-size:inherit;line-height:inherit}.elementor-widget-heading .elementor-heading-title.elementor-size-small{font-size:15px}.elementor-widget-heading .elementor-heading-title.elementor-size-medium{font-size:19px}.elementor-widget-heading .elementor-heading-title.elementor-size-large{font-size:29px}.elementor-widget-heading .elementor-heading-title.elementor-size-xl{font-size:39px}.elementor-widget-heading .elementor-heading-title.elementor-size-xxl{font-size:59px}<\/style><h1 class=\"elementor-heading-title elementor-size-default\">Fait main \u00e0 Bordeaux<\/h1>\t\t<\/div>\n\t\t\t\t<\/div>\n\t\t\t\t\t<\/div>\n\t\t\t\t<\/div>\n\t\t<div class=\"elementor-element elementor-element-b8cd662 e-flex e-con-boxed e-con e-parent\" data-id=\"b8cd662\" data-element_type=\"container\">\n\t\t\t\t\t<div class=\"e-con-inner\">\n\t\t\t\t<div class=\"elementor-element elementor-element-5605701 elementor-widget elementor-widget-spacer\" data-id=\"5605701\" data-element_type=\"widget\" data-widget_type=\"spacer.default\">\n\t\t\t\t<div class=\"elementor-widget-container\">\n\t\t\t<style>\/*! elementor - v3.22.0 - 17-06-2024 *\/\n.elementor-column .elementor-spacer-inner{height:var(--spacer-size)}.e-con{--container-widget-width:100%}.e-con-inner>.elementor-widget-spacer,.e-con>.elementor-widget-spacer{width:var(--container-widget-width,var(--spacer-size));--align-self:var(--container-widget-align-self,initial);--flex-shrink:0}.e-con-inner>.elementor-widget-spacer>.elementor-widget-container,.e-con>.elementor-widget-spacer>.elementor-widget-container{height:100%;width:100%}.e-con-inner>.elementor-widget-spacer>.elementor-widget-container>.elementor-spacer,.e-con>.elementor-widget-spacer>.elementor-widget-container>.elementor-spacer{height:100%}.e-con-inner>.elementor-widget-spacer>.elementor-widget-container>.elementor-spacer>.elementor-spacer-inner,.e-con>.elementor-widget-spacer>.elementor-widget-container>.elementor-spacer>.elementor-spacer-inner{height:var(--container-widget-height,var(--spacer-size))}.e-con-inner>.elementor-widget-spacer.elementor-widget-empty,.e-con>.elementor-widget-spacer.elementor-widget-empty{position:relative;min-height:22px;min-width:22px}.e-con-inner>.elementor-widget-spacer.elementor-widget-empty .elementor-widget-empty-icon,.e-con>.elementor-widget-spacer.elementor-widget-empty .elementor-widget-empty-icon{position:absolute;top:0;bottom:0;left:0;right:0;margin:auto;padding:0;width:22px;height:22px}<\/style>\t\t<div class=\"elementor-spacer\">\n\t\t\t<div class=\"elementor-spacer-inner\"><\/div>\n\t\t<\/div>\n\t\t\t\t<\/div>\n\t\t\t\t<\/div>\n\t\t\t\t<div class=\"elementor-element elementor-element-cbf389c elementor-widget elementor-widget-image\" data-id=\"cbf389c\" data-element_type=\"widget\" data-widget_type=\"image.default\">\n\t\t\t\t<div class=\"elementor-widget-container\">\n\t\t\t<style>\/*! elementor - v3.22.0 - 17-06-2024 *\/\n.elementor-widget-image{text-align:center}.elementor-widget-image a{display:inline-block}.elementor-widget-image a img[src$=\".svg\"]{width:48px}.elementor-widget-image img{vertical-align:middle;display:inline-block}<\/style>\t\t\t\t\t\t\t\t\t\t\t<a href=\"https:\/\/atelierkemoro.com\/en\/collection-seibutsu\/\">\n\t\t\t\t\t\t\t<img fetchpriority=\"high\" decoding=\"async\" width=\"1365\" height=\"2048\" src=\"https:\/\/atelierkemoro.com\/wp-content\/uploads\/2025\/05\/kevin_table-23-1365x2048.jpg\" class=\"attachment-2048x2048 size-2048x2048 wp-image-1679\" alt=\"\" srcset=\"https:\/\/atelierkemoro.com\/wp-content\/uploads\/2025\/05\/kevin_table-23-1365x2048.jpg 1365w, https:\/\/atelierkemoro.com\/wp-content\/uploads\/2025\/05\/kevin_table-23-233x350.jpg 233w, https:\/\/atelierkemoro.com\/wp-content\/uploads\/2025\/05\/kevin_table-23-638x957.jpg 638w, https:\/\/atelierkemoro.com\/wp-content\/uploads\/2025\/05\/kevin_table-23-768x1152.jpg 768w, https:\/\/atelierkemoro.com\/wp-content\/uploads\/2025\/05\/kevin_table-23-1024x1536.jpg 1024w, https:\/\/atelierkemoro.com\/wp-content\/uploads\/2025\/05\/kevin_table-23-8x12.jpg 8w, https:\/\/atelierkemoro.com\/wp-content\/uploads\/2025\/05\/kevin_table-23-1200x1800.jpg 1200w, https:\/\/atelierkemoro.com\/wp-content\/uploads\/2025\/05\/kevin_table-23-2000x3000.jpg 2000w, https:\/\/atelierkemoro.com\/wp-content\/uploads\/2025\/05\/kevin_table-23-scaled.jpg 1707w\" sizes=\"(max-width: 1365px) 100vw, 1365px\" \/>\t\t\t\t\t\t\t\t<\/a>\n\t\t\t\t\t\t\t\t\t\t\t\t\t<\/div>\n\t\t\t\t<\/div>\n\t\t\t\t\t<\/div>\n\t\t\t\t<\/div>\n\t\t<div class=\"elementor-element elementor-element-4568420 e-flex e-con-boxed e-con e-parent\" data-id=\"4568420\" data-element_type=\"container\">\n\t\t\t\t\t<div class=\"e-con-inner\">\n\t\t\t\t<div class=\"elementor-element elementor-element-d3d0e4d elementor-widget elementor-widget-spacer\" data-id=\"d3d0e4d\" data-element_type=\"widget\" data-widget_type=\"spacer.default\">\n\t\t\t\t<div class=\"elementor-widget-container\">\n\t\t\t\t\t<div class=\"elementor-spacer\">\n\t\t\t<div class=\"elementor-spacer-inner\"><\/div>\n\t\t<\/div>\n\t\t\t\t<\/div>\n\t\t\t\t<\/div>\n\t\t\t\t\t<\/div>\n\t\t\t\t<\/div>\n\t\t<div class=\"elementor-element elementor-element-9647ec4 e-flex e-con-boxed e-con e-parent\" data-id=\"9647ec4\" data-element_type=\"container\">\n\t\t\t\t\t<div class=\"e-con-inner\">\n\t\t\t\t<div class=\"elementor-element elementor-element-1f2ae82 elementor-widget elementor-widget-image\" data-id=\"1f2ae82\" data-element_type=\"widget\" data-widget_type=\"image.default\">\n\t\t\t\t<div class=\"elementor-widget-container\">\n\t\t\t\t\t\t\t\t\t\t\t\t\t\t<a href=\"https:\/\/atelierkemoro.com\/en\/collection-fusion\/\">\n\t\t\t\t\t\t\t<img decoding=\"async\" width=\"1536\" height=\"2048\" src=\"https:\/\/atelierkemoro.com\/wp-content\/uploads\/2025\/06\/20250609_122031.jpg\" class=\"attachment-2048x2048 size-2048x2048 wp-image-1727\" alt=\"\" srcset=\"https:\/\/atelierkemoro.com\/wp-content\/uploads\/2025\/06\/20250609_122031.jpg 1536w, https:\/\/atelierkemoro.com\/wp-content\/uploads\/2025\/06\/20250609_122031-263x350.jpg 263w, https:\/\/atelierkemoro.com\/wp-content\/uploads\/2025\/06\/20250609_122031-718x957.jpg 718w, https:\/\/atelierkemoro.com\/wp-content\/uploads\/2025\/06\/20250609_122031-768x1024.jpg 768w, https:\/\/atelierkemoro.com\/wp-content\/uploads\/2025\/06\/20250609_122031-1152x1536.jpg 1152w, https:\/\/atelierkemoro.com\/wp-content\/uploads\/2025\/06\/20250609_122031-9x12.jpg 9w, https:\/\/atelierkemoro.com\/wp-content\/uploads\/2025\/06\/20250609_122031-1200x1600.jpg 1200w\" sizes=\"(max-width: 1536px) 100vw, 1536px\" \/>\t\t\t\t\t\t\t\t<\/a>\n\t\t\t\t\t\t\t\t\t\t\t\t\t<\/div>\n\t\t\t\t<\/div>\n\t\t\t\t<div class=\"elementor-element elementor-element-abf5aad elementor-widget elementor-widget-spacer\" data-id=\"abf5aad\" data-element_type=\"widget\" data-widget_type=\"spacer.default\">\n\t\t\t\t<div class=\"elementor-widget-container\">\n\t\t\t\t\t<div class=\"elementor-spacer\">\n\t\t\t<div class=\"elementor-spacer-inner\"><\/div>\n\t\t<\/div>\n\t\t\t\t<\/div>\n\t\t\t\t<\/div>\n\t\t\t\t\t<\/div>\n\t\t\t\t<\/div>\n\t\t<div class=\"elementor-element elementor-element-67f2509 e-flex e-con-boxed e-con e-parent\" data-id=\"67f2509\" data-element_type=\"container\">\n\t\t\t\t\t<div class=\"e-con-inner\">\n\t\t\t\t<div class=\"elementor-element elementor-element-d96e077 elementor-widget elementor-widget-image\" data-id=\"d96e077\" data-element_type=\"widget\" data-widget_type=\"image.default\">\n\t\t\t\t<div class=\"elementor-widget-container\">\n\t\t\t\t\t\t\t\t\t\t\t\t\t\t<a href=\"https:\/\/atelierkemoro.com\/en\/surf-marqueterie-iridescence\/\">\n\t\t\t\t\t\t\t<img decoding=\"async\" width=\"1440\" height=\"1800\" src=\"https:\/\/atelierkemoro.com\/wp-content\/uploads\/2025\/01\/Surf-marqueterie-1.webp\" class=\"attachment-2048x2048 size-2048x2048 wp-image-1251\" alt=\"\" srcset=\"https:\/\/atelierkemoro.com\/wp-content\/uploads\/2025\/01\/Surf-marqueterie-1.webp 1440w, https:\/\/atelierkemoro.com\/wp-content\/uploads\/2025\/01\/Surf-marqueterie-1-280x350.webp 280w, https:\/\/atelierkemoro.com\/wp-content\/uploads\/2025\/01\/Surf-marqueterie-1-766x957.webp 766w, https:\/\/atelierkemoro.com\/wp-content\/uploads\/2025\/01\/Surf-marqueterie-1-768x960.webp 768w, https:\/\/atelierkemoro.com\/wp-content\/uploads\/2025\/01\/Surf-marqueterie-1-1229x1536.webp 1229w, https:\/\/atelierkemoro.com\/wp-content\/uploads\/2025\/01\/Surf-marqueterie-1-1200x1500.webp 1200w\" sizes=\"(max-width: 1440px) 100vw, 1440px\" \/>\t\t\t\t\t\t\t\t<\/a>\n\t\t\t\t\t\t\t\t\t\t\t\t\t<\/div>\n\t\t\t\t<\/div>\n\t\t\t\t<div class=\"elementor-element elementor-element-8a0f58b elementor-widget elementor-widget-spacer\" data-id=\"8a0f58b\" data-element_type=\"widget\" data-widget_type=\"spacer.default\">\n\t\t\t\t<div class=\"elementor-widget-container\">\n\t\t\t\t\t<div class=\"elementor-spacer\">\n\t\t\t<div class=\"elementor-spacer-inner\"><\/div>\n\t\t<\/div>\n\t\t\t\t<\/div>\n\t\t\t\t<\/div>\n\t\t\t\t<div class=\"elementor-element elementor-element-e1341f1 elementor-widget elementor-widget-image\" data-id=\"e1341f1\" data-element_type=\"widget\" data-widget_type=\"image.default\">\n\t\t\t\t<div class=\"elementor-widget-container\">\n\t\t\t\t\t\t\t\t\t\t\t\t\t\t<a href=\"https:\/\/atelierkemoro.com\/en\/luminaire-la-surfeuse\/\">\n\t\t\t\t\t\t\t<img loading=\"lazy\" decoding=\"async\" width=\"1513\" height=\"2048\" src=\"https:\/\/atelierkemoro.com\/wp-content\/uploads\/2025\/06\/20250602_230353.jpg\" class=\"attachment-2048x2048 size-2048x2048 wp-image-1719\" alt=\"\" srcset=\"https:\/\/atelierkemoro.com\/wp-content\/uploads\/2025\/06\/20250602_230353.jpg 1513w, https:\/\/atelierkemoro.com\/wp-content\/uploads\/2025\/06\/20250602_230353-259x350.jpg 259w, https:\/\/atelierkemoro.com\/wp-content\/uploads\/2025\/06\/20250602_230353-707x957.jpg 707w, https:\/\/atelierkemoro.com\/wp-content\/uploads\/2025\/06\/20250602_230353-768x1040.jpg 768w, https:\/\/atelierkemoro.com\/wp-content\/uploads\/2025\/06\/20250602_230353-1135x1536.jpg 1135w, https:\/\/atelierkemoro.com\/wp-content\/uploads\/2025\/06\/20250602_230353-9x12.jpg 9w, https:\/\/atelierkemoro.com\/wp-content\/uploads\/2025\/06\/20250602_230353-1200x1624.jpg 1200w\" sizes=\"(max-width: 1513px) 100vw, 1513px\" \/>\t\t\t\t\t\t\t\t<\/a>\n\t\t\t\t\t\t\t\t\t\t\t\t\t<\/div>\n\t\t\t\t<\/div>\n\t\t\t\t<div class=\"elementor-element elementor-element-7451029 elementor-widget elementor-widget-spacer\" data-id=\"7451029\" data-element_type=\"widget\" data-widget_type=\"spacer.default\">\n\t\t\t\t<div class=\"elementor-widget-container\">\n\t\t\t\t\t<div class=\"elementor-spacer\">\n\t\t\t<div class=\"elementor-spacer-inner\"><\/div>\n\t\t<\/div>\n\t\t\t\t<\/div>\n\t\t\t\t<\/div>\n\t\t\t\t\t<\/div>\n\t\t\t\t<\/div>\n\t\t\t\t<\/div>","protected":false},"excerpt":{"rendered":"<p>Fait main \u00e0 Bordeaux<\/p>","protected":false},"author":1,"featured_media":0,"parent":0,"menu_order":0,"comment_status":"closed","ping_status":"closed","template":"elementor_header_footer","meta":{"footnotes":""},"class_list":["post-375","page","type-page","status-publish","hentry"],"yoast_head":"<!-- This site is optimized with the Yoast SEO plugin v23.3 - https:\/\/yoast.com\/wordpress\/plugins\/seo\/ -->\n<title>Catalogue - Atelier KEMORO artisan \u00e9b\u00e9niste &amp; shaper bois<\/title>\n<meta name=\"robots\" content=\"index, follow, max-snippet:-1, max-image-preview:large, max-video-preview:-1\" \/>\n<link rel=\"canonical\" href=\"https:\/\/atelierkemoro.com\/en\/catalogue\/\" \/>\n<meta property=\"og:locale\" content=\"en_US\" \/>\n<meta property=\"og:type\" content=\"article\" \/>\n<meta property=\"og:title\" content=\"Catalogue - Atelier KEMORO artisan \u00e9b\u00e9niste &amp; shaper bois\" \/>\n<meta property=\"og:description\" content=\"Fait main \u00e0 Bordeaux\" \/>\n<meta property=\"og:url\" content=\"https:\/\/atelierkemoro.com\/en\/catalogue\/\" \/>\n<meta property=\"og:site_name\" content=\"Atelier KEMORO artisan \u00e9b\u00e9niste &amp; shaper bois\" \/>\n<meta property=\"article:publisher\" content=\"https:\/\/www.facebook.com\/lebenistefr\/\" \/>\n<meta property=\"article:modified_time\" content=\"2025-06-18T14:57:18+00:00\" \/>\n<meta property=\"og:image\" content=\"https:\/\/atelierkemoro.com\/wp-content\/uploads\/2025\/05\/kevin_table-23-1365x2048.jpg\" \/>\n<meta name=\"twitter:card\" content=\"summary_large_image\" \/>\n<meta name=\"twitter:label1\" content=\"Est. reading time\" \/>\n\t<meta name=\"twitter:data1\" content=\"1 minute\" \/>\n<script type=\"application\/ld+json\" class=\"yoast-schema-graph\">{\"@context\":\"https:\/\/schema.org\",\"@graph\":[{\"@type\":\"WebPage\",\"@id\":\"https:\/\/atelierkemoro.com\/catalogue\/\",\"url\":\"https:\/\/atelierkemoro.com\/catalogue\/\",\"name\":\"Catalogue - Atelier KEMORO artisan \u00e9b\u00e9niste &amp; shaper bois\",\"isPartOf\":{\"@id\":\"https:\/\/atelierkemoro.com\/#website\"},\"primaryImageOfPage\":{\"@id\":\"https:\/\/atelierkemoro.com\/catalogue\/#primaryimage\"},\"image\":{\"@id\":\"https:\/\/atelierkemoro.com\/catalogue\/#primaryimage\"},\"thumbnailUrl\":\"https:\/\/atelierkemoro.com\/wp-content\/uploads\/2025\/05\/kevin_table-23-1365x2048.jpg\",\"datePublished\":\"2024-08-21T04:45:18+00:00\",\"dateModified\":\"2025-06-18T14:57:18+00:00\",\"breadcrumb\":{\"@id\":\"https:\/\/atelierkemoro.com\/catalogue\/#breadcrumb\"},\"inLanguage\":\"en-US\",\"potentialAction\":[{\"@type\":\"ReadAction\",\"target\":[\"https:\/\/atelierkemoro.com\/catalogue\/\"]}]},{\"@type\":\"ImageObject\",\"inLanguage\":\"en-US\",\"@id\":\"https:\/\/atelierkemoro.com\/catalogue\/#primaryimage\",\"url\":\"https:\/\/atelierkemoro.com\/wp-content\/uploads\/2025\/05\/kevin_table-23-1365x2048.jpg\",\"contentUrl\":\"https:\/\/atelierkemoro.com\/wp-content\/uploads\/2025\/05\/kevin_table-23-1365x2048.jpg\"},{\"@type\":\"BreadcrumbList\",\"@id\":\"https:\/\/atelierkemoro.com\/catalogue\/#breadcrumb\",\"itemListElement\":[{\"@type\":\"ListItem\",\"position\":1,\"name\":\"Accueil\",\"item\":\"https:\/\/atelierkemoro.com\/\"},{\"@type\":\"ListItem\",\"position\":2,\"name\":\"Catalogue\"}]},{\"@type\":\"WebSite\",\"@id\":\"https:\/\/atelierkemoro.com\/#website\",\"url\":\"https:\/\/atelierkemoro.com\/\",\"name\":\"Atelier KEMORO artisan shaper \u00e9b\u00e9niste\",\"description\":\"Fabrication artisanale de mobilier, surf hollow et skateboard en bois\",\"publisher\":{\"@id\":\"https:\/\/atelierkemoro.com\/#organization\"},\"potentialAction\":[{\"@type\":\"SearchAction\",\"target\":{\"@type\":\"EntryPoint\",\"urlTemplate\":\"https:\/\/atelierkemoro.com\/?s={search_term_string}\"},\"query-input\":\"required name=search_term_string\"}],\"inLanguage\":\"en-US\"},{\"@type\":\"Organization\",\"@id\":\"https:\/\/atelierkemoro.com\/#organization\",\"name\":\"Atelier KEMORO artisan \u00e9b\u00e9niste & shaper bois\",\"url\":\"https:\/\/atelierkemoro.com\/\",\"logo\":{\"@type\":\"ImageObject\",\"inLanguage\":\"en-US\",\"@id\":\"https:\/\/atelierkemoro.com\/#\/schema\/logo\/image\/\",\"url\":\"https:\/\/atelierkemoro.com\/wp-content\/uploads\/2024\/06\/Logo-atelier-kemoro-negatif-scaled.jpg\",\"contentUrl\":\"https:\/\/atelierkemoro.com\/wp-content\/uploads\/2024\/06\/Logo-atelier-kemoro-negatif-scaled.jpg\",\"width\":2560,\"height\":929,\"caption\":\"Atelier KEMORO artisan \u00e9b\u00e9niste & shaper bois\"},\"image\":{\"@id\":\"https:\/\/atelierkemoro.com\/#\/schema\/logo\/image\/\"},\"sameAs\":[\"https:\/\/www.facebook.com\/lebenistefr\/\",\"https:\/\/www.instagram.com\/atelierkemoro\/\",\"https:\/\/www.youtube.com\/@atelierkemoro\/\"]}]}<\/script>\n<!-- \/ Yoast SEO plugin. -->","yoast_head_json":{"title":"Catalogue - Atelier KEMORO artisan \u00e9b\u00e9niste &amp; shaper bois","robots":{"index":"index","follow":"follow","max-snippet":"max-snippet:-1","max-image-preview":"max-image-preview:large","max-video-preview":"max-video-preview:-1"},"canonical":"https:\/\/atelierkemoro.com\/en\/catalogue\/","og_locale":"en_US","og_type":"article","og_title":"Catalogue - Atelier KEMORO artisan \u00e9b\u00e9niste &amp; shaper bois","og_description":"Fait main \u00e0 Bordeaux","og_url":"https:\/\/atelierkemoro.com\/en\/catalogue\/","og_site_name":"Atelier KEMORO artisan \u00e9b\u00e9niste &amp; shaper bois","article_publisher":"https:\/\/www.facebook.com\/lebenistefr\/","article_modified_time":"2025-06-18T14:57:18+00:00","og_image":[{"url":"https:\/\/atelierkemoro.com\/wp-content\/uploads\/2025\/05\/kevin_table-23-1365x2048.jpg"}],"twitter_card":"summary_large_image","twitter_misc":{"Est. reading time":"1 minute"},"schema":{"@context":"https:\/\/schema.org","@graph":[{"@type":"WebPage","@id":"https:\/\/atelierkemoro.com\/catalogue\/","url":"https:\/\/atelierkemoro.com\/catalogue\/","name":"Catalogue - Atelier KEMORO artisan \u00e9b\u00e9niste &amp; shaper bois","isPartOf":{"@id":"https:\/\/atelierkemoro.com\/#website"},"primaryImageOfPage":{"@id":"https:\/\/atelierkemoro.com\/catalogue\/#primaryimage"},"image":{"@id":"https:\/\/atelierkemoro.com\/catalogue\/#primaryimage"},"thumbnailUrl":"https:\/\/atelierkemoro.com\/wp-content\/uploads\/2025\/05\/kevin_table-23-1365x2048.jpg","datePublished":"2024-08-21T04:45:18+00:00","dateModified":"2025-06-18T14:57:18+00:00","breadcrumb":{"@id":"https:\/\/atelierkemoro.com\/catalogue\/#breadcrumb"},"inLanguage":"en-US","potentialAction":[{"@type":"ReadAction","target":["https:\/\/atelierkemoro.com\/catalogue\/"]}]},{"@type":"ImageObject","inLanguage":"en-US","@id":"https:\/\/atelierkemoro.com\/catalogue\/#primaryimage","url":"https:\/\/atelierkemoro.com\/wp-content\/uploads\/2025\/05\/kevin_table-23-1365x2048.jpg","contentUrl":"https:\/\/atelierkemoro.com\/wp-content\/uploads\/2025\/05\/kevin_table-23-1365x2048.jpg"},{"@type":"BreadcrumbList","@id":"https:\/\/atelierkemoro.com\/catalogue\/#breadcrumb","itemListElement":[{"@type":"ListItem","position":1,"name":"Accueil","item":"https:\/\/atelierkemoro.com\/"},{"@type":"ListItem","position":2,"name":"Catalogue"}]},{"@type":"WebSite","@id":"https:\/\/atelierkemoro.com\/#website","url":"https:\/\/atelierkemoro.com\/","name":"Atelier KEMORO artisan shaper \u00e9b\u00e9niste","description":"Fabrication artisanale de mobilier, surf hollow et skateboard en bois","publisher":{"@id":"https:\/\/atelierkemoro.com\/#organization"},"potentialAction":[{"@type":"SearchAction","target":{"@type":"EntryPoint","urlTemplate":"https:\/\/atelierkemoro.com\/?s={search_term_string}"},"query-input":"required name=search_term_string"}],"inLanguage":"en-US"},{"@type":"Organization","@id":"https:\/\/atelierkemoro.com\/#organization","name":"Atelier KEMORO artisan \u00e9b\u00e9niste & shaper bois","url":"https:\/\/atelierkemoro.com\/","logo":{"@type":"ImageObject","inLanguage":"en-US","@id":"https:\/\/atelierkemoro.com\/#\/schema\/logo\/image\/","url":"https:\/\/atelierkemoro.com\/wp-content\/uploads\/2024\/06\/Logo-atelier-kemoro-negatif-scaled.jpg","contentUrl":"https:\/\/atelierkemoro.com\/wp-content\/uploads\/2024\/06\/Logo-atelier-kemoro-negatif-scaled.jpg","width":2560,"height":929,"caption":"Atelier KEMORO artisan \u00e9b\u00e9niste & shaper bois"},"image":{"@id":"https:\/\/atelierkemoro.com\/#\/schema\/logo\/image\/"},"sameAs":["https:\/\/www.facebook.com\/lebenistefr\/","https:\/\/www.instagram.com\/atelierkemoro\/","https:\/\/www.youtube.com\/@atelierkemoro\/"]}]}},"jetpack_sharing_enabled":true,"_links":{"self":[{"href":"https:\/\/atelierkemoro.com\/en\/wp-json\/wp\/v2\/pages\/375","targetHints":{"allow":["GET"]}}],"collection":[{"href":"https:\/\/atelierkemoro.com\/en\/wp-json\/wp\/v2\/pages"}],"about":[{"href":"https:\/\/atelierkemoro.com\/en\/wp-json\/wp\/v2\/types\/page"}],"author":[{"embeddable":true,"href":"https:\/\/atelierkemoro.com\/en\/wp-json\/wp\/v2\/users\/1"}],"replies":[{"embeddable":true,"href":"https:\/\/atelierkemoro.com\/en\/wp-json\/wp\/v2\/comments?post=375"}],"version-history":[{"count":53,"href":"https:\/\/atelierkemoro.com\/en\/wp-json\/wp\/v2\/pages\/375\/revisions"}],"predecessor-version":[{"id":1909,"href":"https:\/\/atelierkemoro.com\/en\/wp-json\/wp\/v2\/pages\/375\/revisions\/1909"}],"wp:attachment":[{"href":"https:\/\/atelierkemoro.com\/en\/wp-json\/wp\/v2\/media?parent=375"}],"curies":[{"name":"wp","href":"https:\/\/api.w.org\/{rel}","templated":true}]}}