{"id":1805,"date":"2025-06-17T19:06:44","date_gmt":"2025-06-17T17:06:44","guid":{"rendered":"https:\/\/atelierkemoro.com\/?post_type=product&#038;p=1805"},"modified":"2025-06-18T15:44:57","modified_gmt":"2025-06-18T13:44:57","slug":"la-surfeuse","status":"publish","type":"product","link":"https:\/\/atelierkemoro.com\/en\/product\/la-surfeuse\/","title":{"rendered":"La surfeuse"},"content":{"rendered":"<p data-start=\"136\" data-end=\"452\">Print issu d\u2019une \u0153uvre originale r\u00e9alis\u00e9e en marqueterie traditionnelle.<br data-start=\"208\" data-end=\"211\" \/>Une surfeuse seins nus, assise sur sa planche dans l\u2019oc\u00e9an, contemple l\u2019horizon, dos \u00e0 la c\u00f4te.<br data-start=\"306\" data-end=\"309\" \/>En arri\u00e8re-plan, on reconna\u00eet les rochers embl\u00e9matiques de Biarritz, laissant deviner la pr\u00e9sence, hors champ, de la Villa Belza sur la droite.<\/p>\n<p data-start=\"454\" data-end=\"737\">L\u2019\u0153uvre originale a \u00e9t\u00e9 con\u00e7ue \u00e0 partir d\u2019essences de bois naturelles et contrast\u00e9es : frak\u00e9, ziricote, fr\u00eane japonais, ronce de noyer et platane.<br data-start=\"600\" data-end=\"603\" \/>Chaque essence a \u00e9t\u00e9 choisie pour la richesse de ses textures et de ses teintes, offrant \u00e0 la sc\u00e8ne une profondeur douce et organique.<\/p>\n<p data-start=\"754\" data-end=\"900\"><strong data-start=\"754\" data-end=\"777\">Impression Fine Art<\/strong> sur papier 300g mat \u2013 finition d\u2019art.<br data-start=\"815\" data-end=\"818\" \/>Chaque exemplaire est <strong data-start=\"840\" data-end=\"859\">sign\u00e9 \u00e0 la main<\/strong> et <strong data-start=\"863\" data-end=\"875\">num\u00e9rot\u00e9<\/strong>, en <strong data-start=\"880\" data-end=\"899\">\u00e9dition limit\u00e9e \u00e0 50 exemplaires<\/strong>.<\/p>\n<p data-start=\"902\" data-end=\"933\">Disponible en formats A4 et A3.<\/p>\n<p data-start=\"902\" data-end=\"933\">Chaque \u0153uvre est r\u00e9alis\u00e9e avec soin et exp\u00e9di\u00e9e sous <strong data-start=\"196\" data-end=\"219\">7 \u00e0 10 jours ouvr\u00e9s<\/strong>. Merci de votre compr\u00e9hension, chaque pi\u00e8ce est unique et n\u00e9cessite un travail artisanal minutieux.<\/p>","protected":false},"excerpt":{"rendered":"<p>Print issu d\u2019une \u0153uvre originale r\u00e9alis\u00e9e en marqueterie traditionnelle.Une surfeuse seins nus, assise sur sa planche dans l\u2019oc\u00e9an, contemple l\u2019horizon, dos \u00e0 la c\u00f4te.En arri\u00e8re-plan, on reconna\u00eet les rochers embl\u00e9matiques de Biarritz, laissant deviner la pr\u00e9sence, hors champ, de la Villa Belza sur la droite. L\u2019\u0153uvre originale a \u00e9t\u00e9 con\u00e7ue \u00e0 partir d\u2019essences de bois [&hellip;]<\/p>","protected":false},"featured_media":1806,"comment_status":"open","ping_status":"closed","template":"","meta":[],"product_cat":[47,51],"product_tag":[],"class_list":{"0":"post-1805","1":"product","2":"type-product","3":"status-publish","4":"has-post-thumbnail","6":"product_cat-marqueterie","7":"product_cat-tableau-marqueterie","9":"first","10":"instock","11":"shipping-taxable","12":"purchasable","13":"product-type-variable"},"yoast_head":"<!-- This site is optimized with the Yoast SEO plugin v23.3 - https:\/\/yoast.com\/wordpress\/plugins\/seo\/ -->\n<title>La surfeuse - Atelier KEMORO artisan \u00e9b\u00e9niste &amp; shaper bois<\/title>\n<meta name=\"description\" content=\"Print Fine Art en \u00e9dition limit\u00e9e inspir\u00e9 d\u2019une \u0153uvre en marqueterie traditionnelle. Illustration po\u00e9tique d\u2019une surfeuse face \u00e0 l\u2019oc\u00e9an et aux rochers de Biarritz. Disponible en A4 et A3.\" \/>\n<meta name=\"robots\" content=\"index, follow, max-snippet:-1, max-image-preview:large, max-video-preview:-1\" \/>\n<link rel=\"canonical\" href=\"https:\/\/atelierkemoro.com\/en\/product\/la-surfeuse\/\" \/>\n<meta property=\"og:locale\" content=\"en_US\" \/>\n<meta property=\"og:type\" content=\"article\" \/>\n<meta property=\"og:title\" content=\"La surfeuse - Atelier KEMORO artisan \u00e9b\u00e9niste &amp; shaper bois\" \/>\n<meta property=\"og:description\" content=\"Print Fine Art en \u00e9dition limit\u00e9e inspir\u00e9 d\u2019une \u0153uvre en marqueterie traditionnelle. Illustration po\u00e9tique d\u2019une surfeuse face \u00e0 l\u2019oc\u00e9an et aux rochers de Biarritz. Disponible en A4 et A3.\" \/>\n<meta property=\"og:url\" content=\"https:\/\/atelierkemoro.com\/en\/product\/la-surfeuse\/\" \/>\n<meta property=\"og:site_name\" content=\"Atelier KEMORO artisan \u00e9b\u00e9niste &amp; shaper bois\" \/>\n<meta property=\"article:publisher\" content=\"https:\/\/www.facebook.com\/lebenistefr\/\" \/>\n<meta property=\"article:modified_time\" content=\"2025-06-18T13:44:57+00:00\" \/>\n<meta property=\"og:image\" content=\"https:\/\/atelierkemoro.com\/wp-content\/uploads\/2025\/06\/print-la-surfeuse-fonce.jpg\" \/>\n\t<meta property=\"og:image:width\" content=\"1500\" \/>\n\t<meta property=\"og:image:height\" content=\"1500\" \/>\n\t<meta property=\"og:image:type\" content=\"image\/jpeg\" \/>\n<meta name=\"twitter:card\" content=\"summary_large_image\" \/>\n<meta name=\"twitter:label1\" content=\"Est. reading time\" \/>\n\t<meta name=\"twitter:data1\" content=\"1 minute\" \/>\n<script type=\"application\/ld+json\" class=\"yoast-schema-graph\">{\"@context\":\"https:\/\/schema.org\",\"@graph\":[{\"@type\":\"WebPage\",\"@id\":\"https:\/\/atelierkemoro.com\/produit\/la-surfeuse\/\",\"url\":\"https:\/\/atelierkemoro.com\/produit\/la-surfeuse\/\",\"name\":\"La surfeuse - Atelier KEMORO artisan \u00e9b\u00e9niste &amp; shaper bois\",\"isPartOf\":{\"@id\":\"https:\/\/atelierkemoro.com\/#website\"},\"primaryImageOfPage\":{\"@id\":\"https:\/\/atelierkemoro.com\/produit\/la-surfeuse\/#primaryimage\"},\"image\":{\"@id\":\"https:\/\/atelierkemoro.com\/produit\/la-surfeuse\/#primaryimage\"},\"thumbnailUrl\":\"https:\/\/atelierkemoro.com\/wp-content\/uploads\/2025\/06\/print-la-surfeuse-fonce.jpg\",\"datePublished\":\"2025-06-17T17:06:44+00:00\",\"dateModified\":\"2025-06-18T13:44:57+00:00\",\"description\":\"Print Fine Art en \u00e9dition limit\u00e9e inspir\u00e9 d\u2019une \u0153uvre en marqueterie traditionnelle. Illustration po\u00e9tique d\u2019une surfeuse face \u00e0 l\u2019oc\u00e9an et aux rochers de Biarritz. Disponible en A4 et A3.\",\"breadcrumb\":{\"@id\":\"https:\/\/atelierkemoro.com\/produit\/la-surfeuse\/#breadcrumb\"},\"inLanguage\":\"en-US\",\"potentialAction\":[{\"@type\":\"ReadAction\",\"target\":[\"https:\/\/atelierkemoro.com\/produit\/la-surfeuse\/\"]}]},{\"@type\":\"ImageObject\",\"inLanguage\":\"en-US\",\"@id\":\"https:\/\/atelierkemoro.com\/produit\/la-surfeuse\/#primaryimage\",\"url\":\"https:\/\/atelierkemoro.com\/wp-content\/uploads\/2025\/06\/print-la-surfeuse-fonce.jpg\",\"contentUrl\":\"https:\/\/atelierkemoro.com\/wp-content\/uploads\/2025\/06\/print-la-surfeuse-fonce.jpg\",\"width\":1500,\"height\":1500},{\"@type\":\"BreadcrumbList\",\"@id\":\"https:\/\/atelierkemoro.com\/produit\/la-surfeuse\/#breadcrumb\",\"itemListElement\":[{\"@type\":\"ListItem\",\"position\":1,\"name\":\"Accueil\",\"item\":\"https:\/\/atelierkemoro.com\/\"},{\"@type\":\"ListItem\",\"position\":2,\"name\":\"Shop\",\"item\":\"https:\/\/atelierkemoro.com\/shop\/\"},{\"@type\":\"ListItem\",\"position\":3,\"name\":\"La surfeuse\"}]},{\"@type\":\"WebSite\",\"@id\":\"https:\/\/atelierkemoro.com\/#website\",\"url\":\"https:\/\/atelierkemoro.com\/\",\"name\":\"Atelier KEMORO artisan shaper \u00e9b\u00e9niste\",\"description\":\"Fabrication artisanale de mobilier, surf hollow et skateboard en bois\",\"publisher\":{\"@id\":\"https:\/\/atelierkemoro.com\/#organization\"},\"potentialAction\":[{\"@type\":\"SearchAction\",\"target\":{\"@type\":\"EntryPoint\",\"urlTemplate\":\"https:\/\/atelierkemoro.com\/?s={search_term_string}\"},\"query-input\":\"required name=search_term_string\"}],\"inLanguage\":\"en-US\"},{\"@type\":\"Organization\",\"@id\":\"https:\/\/atelierkemoro.com\/#organization\",\"name\":\"Atelier KEMORO artisan \u00e9b\u00e9niste & shaper bois\",\"url\":\"https:\/\/atelierkemoro.com\/\",\"logo\":{\"@type\":\"ImageObject\",\"inLanguage\":\"en-US\",\"@id\":\"https:\/\/atelierkemoro.com\/#\/schema\/logo\/image\/\",\"url\":\"https:\/\/atelierkemoro.com\/wp-content\/uploads\/2024\/06\/Logo-atelier-kemoro-negatif-scaled.jpg\",\"contentUrl\":\"https:\/\/atelierkemoro.com\/wp-content\/uploads\/2024\/06\/Logo-atelier-kemoro-negatif-scaled.jpg\",\"width\":2560,\"height\":929,\"caption\":\"Atelier KEMORO artisan \u00e9b\u00e9niste & shaper bois\"},\"image\":{\"@id\":\"https:\/\/atelierkemoro.com\/#\/schema\/logo\/image\/\"},\"sameAs\":[\"https:\/\/www.facebook.com\/lebenistefr\/\",\"https:\/\/www.instagram.com\/atelierkemoro\/\",\"https:\/\/www.youtube.com\/@atelierkemoro\/\"]}]}<\/script>\n<!-- \/ Yoast SEO plugin. -->","yoast_head_json":{"title":"La surfeuse - Atelier KEMORO artisan \u00e9b\u00e9niste &amp; shaper bois","description":"Print Fine Art en \u00e9dition limit\u00e9e inspir\u00e9 d\u2019une \u0153uvre en marqueterie traditionnelle. Illustration po\u00e9tique d\u2019une surfeuse face \u00e0 l\u2019oc\u00e9an et aux rochers de Biarritz. Disponible en A4 et A3.","robots":{"index":"index","follow":"follow","max-snippet":"max-snippet:-1","max-image-preview":"max-image-preview:large","max-video-preview":"max-video-preview:-1"},"canonical":"https:\/\/atelierkemoro.com\/en\/product\/la-surfeuse\/","og_locale":"en_US","og_type":"article","og_title":"La surfeuse - Atelier KEMORO artisan \u00e9b\u00e9niste &amp; shaper bois","og_description":"Print Fine Art en \u00e9dition limit\u00e9e inspir\u00e9 d\u2019une \u0153uvre en marqueterie traditionnelle. Illustration po\u00e9tique d\u2019une surfeuse face \u00e0 l\u2019oc\u00e9an et aux rochers de Biarritz. Disponible en A4 et A3.","og_url":"https:\/\/atelierkemoro.com\/en\/product\/la-surfeuse\/","og_site_name":"Atelier KEMORO artisan \u00e9b\u00e9niste &amp; shaper bois","article_publisher":"https:\/\/www.facebook.com\/lebenistefr\/","article_modified_time":"2025-06-18T13:44:57+00:00","og_image":[{"width":1500,"height":1500,"url":"https:\/\/atelierkemoro.com\/wp-content\/uploads\/2025\/06\/print-la-surfeuse-fonce.jpg","type":"image\/jpeg"}],"twitter_card":"summary_large_image","twitter_misc":{"Est. reading time":"1 minute"},"schema":{"@context":"https:\/\/schema.org","@graph":[{"@type":"WebPage","@id":"https:\/\/atelierkemoro.com\/produit\/la-surfeuse\/","url":"https:\/\/atelierkemoro.com\/produit\/la-surfeuse\/","name":"La surfeuse - Atelier KEMORO artisan \u00e9b\u00e9niste &amp; shaper bois","isPartOf":{"@id":"https:\/\/atelierkemoro.com\/#website"},"primaryImageOfPage":{"@id":"https:\/\/atelierkemoro.com\/produit\/la-surfeuse\/#primaryimage"},"image":{"@id":"https:\/\/atelierkemoro.com\/produit\/la-surfeuse\/#primaryimage"},"thumbnailUrl":"https:\/\/atelierkemoro.com\/wp-content\/uploads\/2025\/06\/print-la-surfeuse-fonce.jpg","datePublished":"2025-06-17T17:06:44+00:00","dateModified":"2025-06-18T13:44:57+00:00","description":"Print Fine Art en \u00e9dition limit\u00e9e inspir\u00e9 d\u2019une \u0153uvre en marqueterie traditionnelle. Illustration po\u00e9tique d\u2019une surfeuse face \u00e0 l\u2019oc\u00e9an et aux rochers de Biarritz. Disponible en A4 et A3.","breadcrumb":{"@id":"https:\/\/atelierkemoro.com\/produit\/la-surfeuse\/#breadcrumb"},"inLanguage":"en-US","potentialAction":[{"@type":"ReadAction","target":["https:\/\/atelierkemoro.com\/produit\/la-surfeuse\/"]}]},{"@type":"ImageObject","inLanguage":"en-US","@id":"https:\/\/atelierkemoro.com\/produit\/la-surfeuse\/#primaryimage","url":"https:\/\/atelierkemoro.com\/wp-content\/uploads\/2025\/06\/print-la-surfeuse-fonce.jpg","contentUrl":"https:\/\/atelierkemoro.com\/wp-content\/uploads\/2025\/06\/print-la-surfeuse-fonce.jpg","width":1500,"height":1500},{"@type":"BreadcrumbList","@id":"https:\/\/atelierkemoro.com\/produit\/la-surfeuse\/#breadcrumb","itemListElement":[{"@type":"ListItem","position":1,"name":"Accueil","item":"https:\/\/atelierkemoro.com\/"},{"@type":"ListItem","position":2,"name":"Shop","item":"https:\/\/atelierkemoro.com\/shop\/"},{"@type":"ListItem","position":3,"name":"La surfeuse"}]},{"@type":"WebSite","@id":"https:\/\/atelierkemoro.com\/#website","url":"https:\/\/atelierkemoro.com\/","name":"Atelier KEMORO artisan shaper \u00e9b\u00e9niste","description":"Fabrication artisanale de mobilier, surf hollow et skateboard en bois","publisher":{"@id":"https:\/\/atelierkemoro.com\/#organization"},"potentialAction":[{"@type":"SearchAction","target":{"@type":"EntryPoint","urlTemplate":"https:\/\/atelierkemoro.com\/?s={search_term_string}"},"query-input":"required name=search_term_string"}],"inLanguage":"en-US"},{"@type":"Organization","@id":"https:\/\/atelierkemoro.com\/#organization","name":"Atelier KEMORO artisan \u00e9b\u00e9niste & shaper bois","url":"https:\/\/atelierkemoro.com\/","logo":{"@type":"ImageObject","inLanguage":"en-US","@id":"https:\/\/atelierkemoro.com\/#\/schema\/logo\/image\/","url":"https:\/\/atelierkemoro.com\/wp-content\/uploads\/2024\/06\/Logo-atelier-kemoro-negatif-scaled.jpg","contentUrl":"https:\/\/atelierkemoro.com\/wp-content\/uploads\/2024\/06\/Logo-atelier-kemoro-negatif-scaled.jpg","width":2560,"height":929,"caption":"Atelier KEMORO artisan \u00e9b\u00e9niste & shaper bois"},"image":{"@id":"https:\/\/atelierkemoro.com\/#\/schema\/logo\/image\/"},"sameAs":["https:\/\/www.facebook.com\/lebenistefr\/","https:\/\/www.instagram.com\/atelierkemoro\/","https:\/\/www.youtube.com\/@atelierkemoro\/"]}]}},"jetpack_sharing_enabled":true,"_links":{"self":[{"href":"https:\/\/atelierkemoro.com\/en\/wp-json\/wp\/v2\/product\/1805","targetHints":{"allow":["GET"]}}],"collection":[{"href":"https:\/\/atelierkemoro.com\/en\/wp-json\/wp\/v2\/product"}],"about":[{"href":"https:\/\/atelierkemoro.com\/en\/wp-json\/wp\/v2\/types\/product"}],"replies":[{"embeddable":true,"href":"https:\/\/atelierkemoro.com\/en\/wp-json\/wp\/v2\/comments?post=1805"}],"wp:featuredmedia":[{"embeddable":true,"href":"https:\/\/atelierkemoro.com\/en\/wp-json\/wp\/v2\/media\/1806"}],"wp:attachment":[{"href":"https:\/\/atelierkemoro.com\/en\/wp-json\/wp\/v2\/media?parent=1805"}],"wp:term":[{"taxonomy":"product_cat","embeddable":true,"href":"https:\/\/atelierkemoro.com\/en\/wp-json\/wp\/v2\/product_cat?post=1805"},{"taxonomy":"product_tag","embeddable":true,"href":"https:\/\/atelierkemoro.com\/en\/wp-json\/wp\/v2\/product_tag?post=1805"}],"curies":[{"name":"wp","href":"https:\/\/api.w.org\/{rel}","templated":true}]}}