{"id":1858,"date":"2025-06-18T15:52:34","date_gmt":"2025-06-18T13:52:34","guid":{"rendered":"https:\/\/atelierkemoro.com\/?post_type=product&#038;p=1858"},"modified":"2025-06-18T15:52:35","modified_gmt":"2025-06-18T13:52:35","slug":"tableau-sur-miroir-resine-effet-ocean","status":"publish","type":"product","link":"https:\/\/atelierkemoro.com\/en\/product\/tableau-sur-miroir-resine-effet-ocean\/","title":{"rendered":"Tableau sur miroir &#038; r\u00e9sine effet oc\u00e9an"},"content":{"rendered":"<p data-start=\"177\" data-end=\"482\">Apportez une note lumineuse et contemporaine \u00e0 votre int\u00e9rieur avec ce tableau artisanal unique, alliant la puret\u00e9 du miroir \u00e0 la profondeur des nuances oc\u00e9aniques de la r\u00e9sine. Chaque pi\u00e8ce est r\u00e9alis\u00e9e \u00e0 la main, offrant un jeu subtil de reflets et de couleurs qui rappelle la beaut\u00e9 mouvante de la mer.<\/p>\n<p data-start=\"484\" data-end=\"508\"><strong data-start=\"484\" data-end=\"506\">Caract\u00e9ristiques :<\/strong><\/p>\n<ul data-start=\"509\" data-end=\"810\">\n<li data-start=\"509\" data-end=\"541\">\n<p data-start=\"511\" data-end=\"541\">Dimensions : 315 mm x 420 mm<\/p>\n<\/li>\n<li data-start=\"542\" data-end=\"595\">\n<p data-start=\"544\" data-end=\"595\">Support : miroir de haute qualit\u00e9, poli avec soin<\/p>\n<\/li>\n<li data-start=\"596\" data-end=\"681\">\n<p data-start=\"598\" data-end=\"681\">D\u00e9cor : r\u00e9sine \u00e9poxy aux tons bleus et blancs, recr\u00e9ant un effet d\u2019eau et d\u2019\u00e9cume<\/p>\n<\/li>\n<li data-start=\"682\" data-end=\"749\">\n<p data-start=\"684\" data-end=\"749\">Encadrement : cadre \u00e9l\u00e9gant et moderne inclus, pr\u00eat \u00e0 accrocher<\/p>\n<\/li>\n<li data-start=\"750\" data-end=\"810\">\n<p data-start=\"752\" data-end=\"810\">Pi\u00e8ce unique ou en petite s\u00e9rie, r\u00e9alis\u00e9e artisanalement<\/p>\n<\/li>\n<\/ul>","protected":false},"excerpt":{"rendered":"<p>Apportez une note lumineuse et contemporaine \u00e0 votre int\u00e9rieur avec ce tableau artisanal unique, alliant la puret\u00e9 du miroir \u00e0 la profondeur des nuances oc\u00e9aniques de la r\u00e9sine. Chaque pi\u00e8ce est r\u00e9alis\u00e9e \u00e0 la main, offrant un jeu subtil de reflets et de couleurs qui rappelle la beaut\u00e9 mouvante de la mer. Caract\u00e9ristiques : Dimensions [&hellip;]<\/p>","protected":false},"featured_media":1859,"comment_status":"open","ping_status":"closed","template":"","meta":[],"product_cat":[50],"product_tag":[],"class_list":{"0":"post-1858","1":"product","2":"type-product","3":"status-publish","4":"has-post-thumbnail","6":"product_cat-tableau-resine","8":"first","9":"instock","10":"shipping-taxable","11":"purchasable","12":"product-type-variable"},"yoast_head":"<!-- This site is optimized with the Yoast SEO plugin v23.3 - https:\/\/yoast.com\/wordpress\/plugins\/seo\/ -->\n<title>Tableau sur miroir &amp; r\u00e9sine effet oc\u00e9an - Atelier KEMORO artisan \u00e9b\u00e9niste &amp; shaper bois<\/title>\n<meta name=\"description\" content=\"Tableau artisanal sur miroir avec r\u00e9sine effet oc\u00e9an, 315x420 mm, d\u00e9j\u00e0 encadr\u00e9. Pi\u00e8ce unique au design contemporain, parfaite pour apporter une touche \u00e9l\u00e9gante et lumineuse inspir\u00e9e de la mer\" \/>\n<meta name=\"robots\" content=\"index, follow, max-snippet:-1, max-image-preview:large, max-video-preview:-1\" \/>\n<link rel=\"canonical\" href=\"https:\/\/atelierkemoro.com\/en\/product\/tableau-sur-miroir-resine-effet-ocean\/\" \/>\n<meta property=\"og:locale\" content=\"en_US\" \/>\n<meta property=\"og:type\" content=\"article\" \/>\n<meta property=\"og:title\" content=\"Tableau sur miroir &amp; r\u00e9sine effet oc\u00e9an - Atelier KEMORO artisan \u00e9b\u00e9niste &amp; shaper bois\" \/>\n<meta property=\"og:description\" content=\"Tableau artisanal sur miroir avec r\u00e9sine effet oc\u00e9an, 315x420 mm, d\u00e9j\u00e0 encadr\u00e9. Pi\u00e8ce unique au design contemporain, parfaite pour apporter une touche \u00e9l\u00e9gante et lumineuse inspir\u00e9e de la mer\" \/>\n<meta property=\"og:url\" content=\"https:\/\/atelierkemoro.com\/en\/product\/tableau-sur-miroir-resine-effet-ocean\/\" \/>\n<meta property=\"og:site_name\" content=\"Atelier KEMORO artisan \u00e9b\u00e9niste &amp; shaper bois\" \/>\n<meta property=\"article:publisher\" content=\"https:\/\/www.facebook.com\/lebenistefr\/\" \/>\n<meta property=\"article:modified_time\" content=\"2025-06-18T13:52:35+00:00\" \/>\n<meta property=\"og:image\" content=\"https:\/\/atelierkemoro.com\/wp-content\/uploads\/2025\/06\/tableau-miroir-resine-ocean.jpg\" \/>\n\t<meta property=\"og:image:width\" content=\"1500\" \/>\n\t<meta property=\"og:image:height\" content=\"1500\" \/>\n\t<meta property=\"og:image:type\" content=\"image\/jpeg\" \/>\n<meta name=\"twitter:card\" content=\"summary_large_image\" \/>\n<meta name=\"twitter:label1\" content=\"Est. reading time\" \/>\n\t<meta name=\"twitter:data1\" content=\"1 minute\" \/>\n<script type=\"application\/ld+json\" class=\"yoast-schema-graph\">{\"@context\":\"https:\/\/schema.org\",\"@graph\":[{\"@type\":\"WebPage\",\"@id\":\"https:\/\/atelierkemoro.com\/produit\/tableau-sur-miroir-resine-effet-ocean\/\",\"url\":\"https:\/\/atelierkemoro.com\/produit\/tableau-sur-miroir-resine-effet-ocean\/\",\"name\":\"Tableau sur miroir & r\u00e9sine effet oc\u00e9an - Atelier KEMORO artisan \u00e9b\u00e9niste &amp; shaper bois\",\"isPartOf\":{\"@id\":\"https:\/\/atelierkemoro.com\/#website\"},\"primaryImageOfPage\":{\"@id\":\"https:\/\/atelierkemoro.com\/produit\/tableau-sur-miroir-resine-effet-ocean\/#primaryimage\"},\"image\":{\"@id\":\"https:\/\/atelierkemoro.com\/produit\/tableau-sur-miroir-resine-effet-ocean\/#primaryimage\"},\"thumbnailUrl\":\"https:\/\/atelierkemoro.com\/wp-content\/uploads\/2025\/06\/tableau-miroir-resine-ocean.jpg\",\"datePublished\":\"2025-06-18T13:52:34+00:00\",\"dateModified\":\"2025-06-18T13:52:35+00:00\",\"description\":\"Tableau artisanal sur miroir avec r\u00e9sine effet oc\u00e9an, 315x420 mm, d\u00e9j\u00e0 encadr\u00e9. Pi\u00e8ce unique au design contemporain, parfaite pour apporter une touche \u00e9l\u00e9gante et lumineuse inspir\u00e9e de la mer\",\"breadcrumb\":{\"@id\":\"https:\/\/atelierkemoro.com\/produit\/tableau-sur-miroir-resine-effet-ocean\/#breadcrumb\"},\"inLanguage\":\"en-US\",\"potentialAction\":[{\"@type\":\"ReadAction\",\"target\":[\"https:\/\/atelierkemoro.com\/produit\/tableau-sur-miroir-resine-effet-ocean\/\"]}]},{\"@type\":\"ImageObject\",\"inLanguage\":\"en-US\",\"@id\":\"https:\/\/atelierkemoro.com\/produit\/tableau-sur-miroir-resine-effet-ocean\/#primaryimage\",\"url\":\"https:\/\/atelierkemoro.com\/wp-content\/uploads\/2025\/06\/tableau-miroir-resine-ocean.jpg\",\"contentUrl\":\"https:\/\/atelierkemoro.com\/wp-content\/uploads\/2025\/06\/tableau-miroir-resine-ocean.jpg\",\"width\":1500,\"height\":1500},{\"@type\":\"BreadcrumbList\",\"@id\":\"https:\/\/atelierkemoro.com\/produit\/tableau-sur-miroir-resine-effet-ocean\/#breadcrumb\",\"itemListElement\":[{\"@type\":\"ListItem\",\"position\":1,\"name\":\"Accueil\",\"item\":\"https:\/\/atelierkemoro.com\/\"},{\"@type\":\"ListItem\",\"position\":2,\"name\":\"Shop\",\"item\":\"https:\/\/atelierkemoro.com\/shop\/\"},{\"@type\":\"ListItem\",\"position\":3,\"name\":\"Tableau sur miroir &#038; r\u00e9sine effet oc\u00e9an\"}]},{\"@type\":\"WebSite\",\"@id\":\"https:\/\/atelierkemoro.com\/#website\",\"url\":\"https:\/\/atelierkemoro.com\/\",\"name\":\"Atelier KEMORO artisan shaper \u00e9b\u00e9niste\",\"description\":\"Fabrication artisanale de mobilier, surf hollow et skateboard en bois\",\"publisher\":{\"@id\":\"https:\/\/atelierkemoro.com\/#organization\"},\"potentialAction\":[{\"@type\":\"SearchAction\",\"target\":{\"@type\":\"EntryPoint\",\"urlTemplate\":\"https:\/\/atelierkemoro.com\/?s={search_term_string}\"},\"query-input\":\"required name=search_term_string\"}],\"inLanguage\":\"en-US\"},{\"@type\":\"Organization\",\"@id\":\"https:\/\/atelierkemoro.com\/#organization\",\"name\":\"Atelier KEMORO artisan \u00e9b\u00e9niste & shaper bois\",\"url\":\"https:\/\/atelierkemoro.com\/\",\"logo\":{\"@type\":\"ImageObject\",\"inLanguage\":\"en-US\",\"@id\":\"https:\/\/atelierkemoro.com\/#\/schema\/logo\/image\/\",\"url\":\"https:\/\/atelierkemoro.com\/wp-content\/uploads\/2024\/06\/Logo-atelier-kemoro-negatif-scaled.jpg\",\"contentUrl\":\"https:\/\/atelierkemoro.com\/wp-content\/uploads\/2024\/06\/Logo-atelier-kemoro-negatif-scaled.jpg\",\"width\":2560,\"height\":929,\"caption\":\"Atelier KEMORO artisan \u00e9b\u00e9niste & shaper bois\"},\"image\":{\"@id\":\"https:\/\/atelierkemoro.com\/#\/schema\/logo\/image\/\"},\"sameAs\":[\"https:\/\/www.facebook.com\/lebenistefr\/\",\"https:\/\/www.instagram.com\/atelierkemoro\/\",\"https:\/\/www.youtube.com\/@atelierkemoro\/\"]}]}<\/script>\n<!-- \/ Yoast SEO plugin. -->","yoast_head_json":{"title":"Tableau sur miroir & r\u00e9sine effet oc\u00e9an - Atelier KEMORO artisan \u00e9b\u00e9niste &amp; shaper bois","description":"Tableau artisanal sur miroir avec r\u00e9sine effet oc\u00e9an, 315x420 mm, d\u00e9j\u00e0 encadr\u00e9. Pi\u00e8ce unique au design contemporain, parfaite pour apporter une touche \u00e9l\u00e9gante et lumineuse inspir\u00e9e de la mer","robots":{"index":"index","follow":"follow","max-snippet":"max-snippet:-1","max-image-preview":"max-image-preview:large","max-video-preview":"max-video-preview:-1"},"canonical":"https:\/\/atelierkemoro.com\/en\/product\/tableau-sur-miroir-resine-effet-ocean\/","og_locale":"en_US","og_type":"article","og_title":"Tableau sur miroir & r\u00e9sine effet oc\u00e9an - Atelier KEMORO artisan \u00e9b\u00e9niste &amp; shaper bois","og_description":"Tableau artisanal sur miroir avec r\u00e9sine effet oc\u00e9an, 315x420 mm, d\u00e9j\u00e0 encadr\u00e9. Pi\u00e8ce unique au design contemporain, parfaite pour apporter une touche \u00e9l\u00e9gante et lumineuse inspir\u00e9e de la mer","og_url":"https:\/\/atelierkemoro.com\/en\/product\/tableau-sur-miroir-resine-effet-ocean\/","og_site_name":"Atelier KEMORO artisan \u00e9b\u00e9niste &amp; shaper bois","article_publisher":"https:\/\/www.facebook.com\/lebenistefr\/","article_modified_time":"2025-06-18T13:52:35+00:00","og_image":[{"width":1500,"height":1500,"url":"https:\/\/atelierkemoro.com\/wp-content\/uploads\/2025\/06\/tableau-miroir-resine-ocean.jpg","type":"image\/jpeg"}],"twitter_card":"summary_large_image","twitter_misc":{"Est. reading time":"1 minute"},"schema":{"@context":"https:\/\/schema.org","@graph":[{"@type":"WebPage","@id":"https:\/\/atelierkemoro.com\/produit\/tableau-sur-miroir-resine-effet-ocean\/","url":"https:\/\/atelierkemoro.com\/produit\/tableau-sur-miroir-resine-effet-ocean\/","name":"Tableau sur miroir & r\u00e9sine effet oc\u00e9an - Atelier KEMORO artisan \u00e9b\u00e9niste &amp; shaper bois","isPartOf":{"@id":"https:\/\/atelierkemoro.com\/#website"},"primaryImageOfPage":{"@id":"https:\/\/atelierkemoro.com\/produit\/tableau-sur-miroir-resine-effet-ocean\/#primaryimage"},"image":{"@id":"https:\/\/atelierkemoro.com\/produit\/tableau-sur-miroir-resine-effet-ocean\/#primaryimage"},"thumbnailUrl":"https:\/\/atelierkemoro.com\/wp-content\/uploads\/2025\/06\/tableau-miroir-resine-ocean.jpg","datePublished":"2025-06-18T13:52:34+00:00","dateModified":"2025-06-18T13:52:35+00:00","description":"Tableau artisanal sur miroir avec r\u00e9sine effet oc\u00e9an, 315x420 mm, d\u00e9j\u00e0 encadr\u00e9. Pi\u00e8ce unique au design contemporain, parfaite pour apporter une touche \u00e9l\u00e9gante et lumineuse inspir\u00e9e de la mer","breadcrumb":{"@id":"https:\/\/atelierkemoro.com\/produit\/tableau-sur-miroir-resine-effet-ocean\/#breadcrumb"},"inLanguage":"en-US","potentialAction":[{"@type":"ReadAction","target":["https:\/\/atelierkemoro.com\/produit\/tableau-sur-miroir-resine-effet-ocean\/"]}]},{"@type":"ImageObject","inLanguage":"en-US","@id":"https:\/\/atelierkemoro.com\/produit\/tableau-sur-miroir-resine-effet-ocean\/#primaryimage","url":"https:\/\/atelierkemoro.com\/wp-content\/uploads\/2025\/06\/tableau-miroir-resine-ocean.jpg","contentUrl":"https:\/\/atelierkemoro.com\/wp-content\/uploads\/2025\/06\/tableau-miroir-resine-ocean.jpg","width":1500,"height":1500},{"@type":"BreadcrumbList","@id":"https:\/\/atelierkemoro.com\/produit\/tableau-sur-miroir-resine-effet-ocean\/#breadcrumb","itemListElement":[{"@type":"ListItem","position":1,"name":"Accueil","item":"https:\/\/atelierkemoro.com\/"},{"@type":"ListItem","position":2,"name":"Shop","item":"https:\/\/atelierkemoro.com\/shop\/"},{"@type":"ListItem","position":3,"name":"Tableau sur miroir &#038; r\u00e9sine effet oc\u00e9an"}]},{"@type":"WebSite","@id":"https:\/\/atelierkemoro.com\/#website","url":"https:\/\/atelierkemoro.com\/","name":"Atelier KEMORO artisan shaper \u00e9b\u00e9niste","description":"Fabrication artisanale de mobilier, surf hollow et skateboard en bois","publisher":{"@id":"https:\/\/atelierkemoro.com\/#organization"},"potentialAction":[{"@type":"SearchAction","target":{"@type":"EntryPoint","urlTemplate":"https:\/\/atelierkemoro.com\/?s={search_term_string}"},"query-input":"required name=search_term_string"}],"inLanguage":"en-US"},{"@type":"Organization","@id":"https:\/\/atelierkemoro.com\/#organization","name":"Atelier KEMORO artisan \u00e9b\u00e9niste & shaper bois","url":"https:\/\/atelierkemoro.com\/","logo":{"@type":"ImageObject","inLanguage":"en-US","@id":"https:\/\/atelierkemoro.com\/#\/schema\/logo\/image\/","url":"https:\/\/atelierkemoro.com\/wp-content\/uploads\/2024\/06\/Logo-atelier-kemoro-negatif-scaled.jpg","contentUrl":"https:\/\/atelierkemoro.com\/wp-content\/uploads\/2024\/06\/Logo-atelier-kemoro-negatif-scaled.jpg","width":2560,"height":929,"caption":"Atelier KEMORO artisan \u00e9b\u00e9niste & shaper bois"},"image":{"@id":"https:\/\/atelierkemoro.com\/#\/schema\/logo\/image\/"},"sameAs":["https:\/\/www.facebook.com\/lebenistefr\/","https:\/\/www.instagram.com\/atelierkemoro\/","https:\/\/www.youtube.com\/@atelierkemoro\/"]}]}},"jetpack_sharing_enabled":true,"_links":{"self":[{"href":"https:\/\/atelierkemoro.com\/en\/wp-json\/wp\/v2\/product\/1858","targetHints":{"allow":["GET"]}}],"collection":[{"href":"https:\/\/atelierkemoro.com\/en\/wp-json\/wp\/v2\/product"}],"about":[{"href":"https:\/\/atelierkemoro.com\/en\/wp-json\/wp\/v2\/types\/product"}],"replies":[{"embeddable":true,"href":"https:\/\/atelierkemoro.com\/en\/wp-json\/wp\/v2\/comments?post=1858"}],"wp:featuredmedia":[{"embeddable":true,"href":"https:\/\/atelierkemoro.com\/en\/wp-json\/wp\/v2\/media\/1859"}],"wp:attachment":[{"href":"https:\/\/atelierkemoro.com\/en\/wp-json\/wp\/v2\/media?parent=1858"}],"wp:term":[{"taxonomy":"product_cat","embeddable":true,"href":"https:\/\/atelierkemoro.com\/en\/wp-json\/wp\/v2\/product_cat?post=1858"},{"taxonomy":"product_tag","embeddable":true,"href":"https:\/\/atelierkemoro.com\/en\/wp-json\/wp\/v2\/product_tag?post=1858"}],"curies":[{"name":"wp","href":"https:\/\/api.w.org\/{rel}","templated":true}]}}